{"id":7683,"date":"2020-07-27T20:13:54","date_gmt":"2020-07-27T19:13:54","guid":{"rendered":"https:\/\/lavender-worm-928489.hostingersite.com\/product\/lambris-dacier-galanta\/"},"modified":"2022-10-10T19:53:35","modified_gmt":"2022-10-10T18:53:35","slug":"galanta-hidden-fastener-interlocking-steel-siding","status":"publish","type":"product","link":"https:\/\/arcanaluminium.com\/en\/product\/galanta-hidden-fastener-interlocking-steel-siding\/","title":{"rendered":"Galanta hidden fastener interlocking steel siding"},"content":{"rendered":"<p>[et_pb_section fb_built=&#8221;1&#8243; fullwidth=&#8221;on&#8221; _builder_version=&#8221;4.4.7&#8243; hover_enabled=&#8221;0&#8243; alt=&#8221;lambris acier montr\u00e9al&#8221; title_text=&#8221;00&#8243; background_image=&#8221;https:\/\/arcanaluminium.com\/wp-content\/uploads\/2020\/07\/00.jpg&#8221; use_background_color_gradient=&#8221;on&#8221; background_color_gradient_start=&#8221;#ffffff&#8221; background_color_gradient_end=&#8221;#000000&#8243; background_color_gradient_start_position=&#8221;50%&#8221; background_blend=&#8221;multiply&#8221; custom_padding=&#8221;75px||||false|false&#8221;][et_pb_fullwidth_header title=&#8221;Galanta Steel Siding&#8221; text_orientation=&#8221;center&#8221; header_scroll_down=&#8221;on&#8221; scroll_down_icon=&#8221;%%0%%&#8221; _builder_version=&#8221;4.4.7&#8243; background_enable_color=&#8221;off&#8221; parallax=&#8221;on&#8221; hover_enabled=&#8221;0&#8243; custom_css_title=&#8221;margin-top:200px;&#8221; button_one_text_size__hover_enabled=&#8221;off&#8221; button_two_text_size__hover_enabled=&#8221;off&#8221; button_one_text_color__hover_enabled=&#8221;off&#8221; button_two_text_color__hover_enabled=&#8221;off&#8221; button_one_border_width__hover_enabled=&#8221;off&#8221; button_two_border_width__hover_enabled=&#8221;off&#8221; button_one_border_color__hover_enabled=&#8221;off&#8221; button_two_border_color__hover_enabled=&#8221;off&#8221; button_one_border_radius__hover_enabled=&#8221;off&#8221; button_two_border_radius__hover_enabled=&#8221;off&#8221; button_one_letter_spacing__hover_enabled=&#8221;off&#8221; button_two_letter_spacing__hover_enabled=&#8221;off&#8221; button_one_bg_color__hover_enabled=&#8221;off&#8221; button_two_bg_color__hover_enabled=&#8221;off&#8221; background_enable_image=&#8221;off&#8221;][\/et_pb_fullwidth_header][\/et_pb_section][et_pb_section fb_built=&#8221;1&#8243; _builder_version=&#8221;3.22&#8243;][et_pb_row column_structure=&#8221;1_3,2_3&#8243; _builder_version=&#8221;3.25&#8243; background_size=&#8221;initial&#8221; background_position=&#8221;top_left&#8221; background_repeat=&#8221;repeat&#8221;][et_pb_column type=&#8221;1_3&#8243; _builder_version=&#8221;3.25&#8243; custom_padding=&#8221;|||&#8221; custom_padding__hover=&#8221;|||&#8221;][et_pb_image src=&#8221;https:\/\/arcanaluminium.com\/wp-content\/uploads\/2020\/07\/steel-siding.png&#8221; alt=&#8221;steel roofing and sidings&#8221; title_text=&#8221;steel siding&#8221; align_tablet=&#8221;center&#8221; align_phone=&#8221;&#8221; align_last_edited=&#8221;on|phone&#8221; _builder_version=&#8221;4.4.7&#8243; hover_enabled=&#8221;0&#8243; always_center_on_mobile=&#8221;on&#8221; width=&#8221;80%&#8221; width_last_edited=&#8221;on|phone&#8221; width_tablet=&#8221;40%&#8221;][\/et_pb_image][\/et_pb_column][et_pb_column type=&#8221;2_3&#8243; _builder_version=&#8221;3.25&#8243; custom_padding=&#8221;|||&#8221; custom_padding__hover=&#8221;|||&#8221;][et_pb_text _builder_version=&#8221;4.4.7&#8243; header_2_text_align=&#8221;left&#8221; text_orientation=&#8221;justified&#8221;]<\/p>\n<h2>Easy-to-install Steel Siding<\/h2>\n<p>Galanta hidden fastener interlocking steel siding is designed to protect your home or business against harsh weather while enhancing curb appeal and adding to the value of your property.<\/p>\n<p>Manufactured in panels covering 6 \u00bc in. by 12 ft, they are packaged in boxes of 8 (50 sq. ft per box) and available in a shaded wood grain, regular wood grains and solid colours for vertical or horizontal installation.<\/p>\n<p>With its concealed and perforated fastening strip, this hidden fastener siding is easy to install and notched at the ends to allow end-to-end overlapping. The Galanta Steel Siding is also embossed with an attractive wood grain pattern that makes the flat part of the panel more rigid and prevents oil canning.<\/p>\n<p><a href=\"https:\/\/arcanaluminium.com\/en\/contact-us\/\">Contact us<\/a> to place an order.[\/et_pb_text][\/et_pb_column][\/et_pb_row][\/et_pb_section][et_pb_section fb_built=&#8221;1&#8243; _builder_version=&#8221;3.22&#8243; background_color=&#8221;#f7f7f7&#8243;][et_pb_row column_structure=&#8221;1_3,2_3&#8243; _builder_version=&#8221;3.25&#8243; background_size=&#8221;initial&#8221; background_position=&#8221;top_left&#8221; background_repeat=&#8221;repeat&#8221;][et_pb_column type=&#8221;1_3&#8243; _builder_version=&#8221;3.25&#8243; custom_padding=&#8221;|||&#8221; custom_padding__hover=&#8221;|||&#8221;][et_pb_image src=&#8221;https:\/\/arcanaluminium.com\/wp-content\/uploads\/2020\/07\/Diagram.gif&#8221; alt=&#8221;steel sidings measures&#8221; title_text=&#8221;Diagram&#8221; align=&#8221;center&#8221; align_tablet=&#8221;center&#8221; align_phone=&#8221;&#8221; align_last_edited=&#8221;on|phone&#8221; _builder_version=&#8221;4.4.7&#8243;][\/et_pb_image][\/et_pb_column][et_pb_column type=&#8221;2_3&#8243; _builder_version=&#8221;3.25&#8243; custom_padding=&#8221;|||&#8221; custom_padding__hover=&#8221;|||&#8221;][et_pb_text _builder_version=&#8221;4.4.7&#8243; header_2_text_align=&#8221;left&#8221; text_orientation=&#8221;justified&#8221;]<\/p>\n<h2>Qualit\u00e9 sup\u00e9rieure aux autres rev\u00eatements<\/h2>\n<p>Comparativement aux rev\u00eatements de fibro-ciment ou de bois press\u00e9, le lambris Galanta est jusqu\u2019\u00e0 50% plus l\u00e9ger et plus facile \u00e0 transporter. Contrairement aux rev\u00eatements de vinyle, le lambris d\u2019acier Galanta ne se fragilise pas par le temps froid pour en arriver \u00e0 craquer ou se briser. Contrairement au bois, vous n\u2019aurez jamais besoin de le teindre ou le peindre et contrairement aux rev\u00eatements de bois press\u00e9 et de fibro-ciment, le lambris d\u2019acier Galanta ne peut absorber l\u2019humidit\u00e9, donc ne pourrira pas. Contrairement aux rev\u00eatements d\u2019aluminium et de vinyle, la peinture ne craquera pas, ne s\u2019\u00e9caillera pas et ne p\u00e2lira pas. Enfin, contrairement aux rev\u00eatements de bois et de bois press\u00e9 qui ne sont pas recyclables et contribuent au d\u00e9peuplement de nos for\u00eats, le lambris Galanta est fabriqu\u00e9 d\u2019acier, le mat\u00e9riau le plus recyclable au monde.<\/p>\n<p>[\/et_pb_text][\/et_pb_column][\/et_pb_row][\/et_pb_section][et_pb_section fb_built=&#8221;1&#8243; _builder_version=&#8221;4.4.7&#8243;][et_pb_row _builder_version=&#8221;4.4.7&#8243;][et_pb_column type=&#8221;4_4&#8243; _builder_version=&#8221;4.4.7&#8243;][et_pb_text _builder_version=&#8221;4.4.7&#8243;]<\/p>\n<h2 style=\"text-align: center;\">Couleurs disponibles<\/h2>\n<p>[\/et_pb_text][et_pb_image src=&#8221;https:\/\/arcanaluminium.com\/wp-content\/uploads\/2020\/07\/ColorChart-1.jpg&#8221; alt=&#8221;Color Chart&#8221; title_text=&#8221;ColorChart (1)&#8221; _builder_version=&#8221;4.4.7&#8243;][\/et_pb_image][\/et_pb_column][\/et_pb_row][\/et_pb_section]<\/p>\n","protected":false},"excerpt":{"rendered":"<p>Easy-to-install Steel Siding Galanta hidden fastener interlocking steel siding is designed to protect your home or business against harsh weather while enhancing curb appeal and adding to the value of your property. Manufactured in panels covering 6 \u00bc in. by 12 ft, they are packaged in boxes of 8 (50 sq. ft per box) and [&hellip;]<\/p>\n","protected":false},"featured_media":7691,"template":"","meta":{"_et_pb_use_builder":"on","_et_pb_old_content":"","_et_gb_content_width":""},"product_brand":[],"product_cat":[2323],"product_tag":[],"class_list":{"0":"post-7683","1":"product","2":"type-product","3":"status-publish","4":"has-post-thumbnail","6":"product_cat-sidings","8":"first","9":"instock","10":"shipping-taxable","11":"product-type-simple"},"_links":{"self":[{"href":"https:\/\/arcanaluminium.com\/en\/wp-json\/wp\/v2\/product\/7683","targetHints":{"allow":["GET"]}}],"collection":[{"href":"https:\/\/arcanaluminium.com\/en\/wp-json\/wp\/v2\/product"}],"about":[{"href":"https:\/\/arcanaluminium.com\/en\/wp-json\/wp\/v2\/types\/product"}],"wp:featuredmedia":[{"embeddable":true,"href":"https:\/\/arcanaluminium.com\/en\/wp-json\/wp\/v2\/media\/7691"}],"wp:attachment":[{"href":"https:\/\/arcanaluminium.com\/en\/wp-json\/wp\/v2\/media?parent=7683"}],"wp:term":[{"taxonomy":"product_brand","embeddable":true,"href":"https:\/\/arcanaluminium.com\/en\/wp-json\/wp\/v2\/product_brand?post=7683"},{"taxonomy":"product_cat","embeddable":true,"href":"https:\/\/arcanaluminium.com\/en\/wp-json\/wp\/v2\/product_cat?post=7683"},{"taxonomy":"product_tag","embeddable":true,"href":"https:\/\/arcanaluminium.com\/en\/wp-json\/wp\/v2\/product_tag?post=7683"}],"curies":[{"name":"wp","href":"https:\/\/api.w.org\/{rel}","templated":true}]}}