{"id":7551,"date":"2020-06-29T17:17:40","date_gmt":"2020-06-29T16:17:40","guid":{"rendered":"https:\/\/lavender-worm-928489.hostingersite.com\/?post_type=product&#038;p=7551"},"modified":"2020-07-29T18:15:03","modified_gmt":"2020-07-29T17:15:03","slug":"adseal-dws-4580-series-sealant","status":"publish","type":"product","link":"https:\/\/arcanaluminium.com\/en\/product\/adseal-dws-4580-series-sealant\/","title":{"rendered":"Adseal DWS 4580 Series Sealant"},"content":{"rendered":"<p>[et_pb_section fb_built=&#8221;1&#8243; fullwidth=&#8221;on&#8221; _builder_version=&#8221;4.4.7&#8243;][et_pb_fullwidth_header title=&#8221;Adseal DWS 4580 Series Sealant&#8221; text_orientation=&#8221;center&#8221; header_scroll_down=&#8221;on&#8221; scroll_down_icon=&#8221;%%0%%&#8221; background_overlay_color=&#8221;rgba(51,51,51,0.4)&#8221; _builder_version=&#8221;4.4.7&#8243; background_color=&#8221;rgba(255, 255, 255, 0)&#8221; background_image=&#8221;https:\/\/arcanaluminium.com\/wp-content\/uploads\/2013\/03\/aluminium.jpg&#8221; custom_css_title=&#8221;margin-top:200px;&#8221; button_one_text_size__hover_enabled=&#8221;off&#8221; button_two_text_size__hover_enabled=&#8221;off&#8221; button_one_text_color__hover_enabled=&#8221;off&#8221; button_two_text_color__hover_enabled=&#8221;off&#8221; button_one_border_width__hover_enabled=&#8221;off&#8221; button_two_border_width__hover_enabled=&#8221;off&#8221; button_one_border_color__hover_enabled=&#8221;off&#8221; button_two_border_color__hover_enabled=&#8221;off&#8221; button_one_border_radius__hover_enabled=&#8221;off&#8221; button_two_border_radius__hover_enabled=&#8221;off&#8221; button_one_letter_spacing__hover_enabled=&#8221;off&#8221; button_two_letter_spacing__hover_enabled=&#8221;off&#8221; button_one_bg_color__hover_enabled=&#8221;off&#8221; button_two_bg_color__hover_enabled=&#8221;off&#8221;][\/et_pb_fullwidth_header][\/et_pb_section][et_pb_section fb_built=&#8221;1&#8243; _builder_version=&#8221;3.22&#8243;][et_pb_row column_structure=&#8221;1_3,2_3&#8243; _builder_version=&#8221;3.25&#8243; background_size=&#8221;initial&#8221; background_position=&#8221;top_left&#8221; background_repeat=&#8221;repeat&#8221;][et_pb_column type=&#8221;1_3&#8243; _builder_version=&#8221;3.25&#8243; custom_padding=&#8221;|||&#8221; custom_padding__hover=&#8221;|||&#8221;][et_pb_image src=&#8221;https:\/\/arcanaluminium.com\/wp-content\/uploads\/2020\/06\/adfast.png&#8221; alt=&#8221;adseal&#8221; title_text=&#8221;adfast&#8221; align=&#8221;center&#8221; align_tablet=&#8221;center&#8221; align_phone=&#8221;&#8221; align_last_edited=&#8221;on|desktop&#8221; _builder_version=&#8221;4.4.7&#8243; always_center_on_mobile=&#8221;on&#8221;][\/et_pb_image][\/et_pb_column][et_pb_column type=&#8221;2_3&#8243; _builder_version=&#8221;3.25&#8243; custom_padding=&#8221;|||&#8221; custom_padding__hover=&#8221;|||&#8221;][et_pb_text _builder_version=&#8221;4.4.7&#8243; text_text_color=&#8221;#000000&#8243; text_orientation=&#8221;justified&#8221;]<\/p>\n<h2>Silicone Adhesive Sealant Use<\/h2>\n<p>Adseal DWS 4580 Series Neutral Silicone Adhesive Sealant is a very versatile product. It can be used on materials such as aluminum, glass, masonry, certain plastics, painted or unpainted metals as well as other substrates. It is also compatible with sealed units. It is an ideal product for movement and perimeter joints. <a href=\"https:\/\/arcanaluminium.com\/en\/contact-us\/\">Contact us<\/a> to place an order.<\/p>\n<p>[\/et_pb_text][et_pb_divider show_divider=&#8221;off&#8221; _builder_version=&#8221;4.4.7&#8243;][\/et_pb_divider][et_pb_text _builder_version=&#8221;4.4.7&#8243; text_text_color=&#8221;#000000&#8243; text_orientation=&#8221;justified&#8221;]<\/p>\n<h2>Product Features<\/h2>\n<p>This Adseal product offers excellent resistance to UV rays. It can therefore be used both outdoors and indoors without problems. It is a non-corrosive product with low volatile organic compounds (VOC). It gives off very little odor during vulcanization and it does not oxidize metal. When fully cured, the sealant withstands permanent temperatures ranging from -40 \u00b0 C to 232 \u00b0 C (-40 \u00b0 F to 450 \u00b0 F) and intermittent temperatures ranging from -51 \u00b0 C to 260 \u00b0 C (-60 \u00b0 F at 500 \u00b0 F). The Adseal silicone sealant meets ASTM C920, S, NS, Class 50, NT, M, GA, O, AAMA 802 and 805 standards. This product cannot be painted.<\/p>\n<p>[\/et_pb_text][et_pb_divider show_divider=&#8221;off&#8221; _builder_version=&#8221;4.4.7&#8243;][\/et_pb_divider][et_pb_text _builder_version=&#8221;4.4.7&#8243; text_text_color=&#8221;#000000&#8243; text_orientation=&#8221;justified&#8221;]<\/p>\n<h2>Adseal DWS 4580 Series Sealant Application<\/h2>\n<p>Due to its vulcanization system in contact with moisture, the depth of the bead must not exceed 1\/2&#8243;, otherwise the sealer will not be able to vulcanize completely. For applications where the bead depth must exceed 1\/2&#8243;, we recommend a two-component silicone. The minimum size of a movement or sealing joint should be 1\/4&#8243; x 1\/4&#8243;.<\/p>\n<p>[\/et_pb_text][\/et_pb_column][\/et_pb_row][\/et_pb_section]<\/p>\n","protected":false},"excerpt":{"rendered":"<p>Silicone Adhesive Sealant Use Adseal DWS 4580 Series Neutral Silicone Adhesive Sealant is a very versatile product. It can be used on materials such as aluminum, glass, masonry, certain plastics, painted or unpainted metals as well as other substrates. It is also compatible with sealed units. It is an ideal product for movement and perimeter [&hellip;]<\/p>\n","protected":false},"featured_media":7699,"template":"","meta":{"_et_pb_use_builder":"on","_et_pb_old_content":"[et_pb_section fb_built=\"1\" fullwidth=\"on\" _builder_version=\"4.4.7\"][et_pb_fullwidth_header title=\"Scellant Adseal DWS S\u00e9rie 4580\" text_orientation=\"center\" header_scroll_down=\"on\" scroll_down_icon=\"%%0%%\" background_overlay_color=\"rgba(51,51,51,0.4)\" _builder_version=\"4.4.7\" background_color=\"rgba(255, 255, 255, 0)\" background_image=\"https:\/\/arcanaluminium.com\/wp-content\/uploads\/2013\/03\/aluminium.jpg\" custom_css_title=\"margin-top:200px;\" button_one_text_size__hover_enabled=\"off\" button_two_text_size__hover_enabled=\"off\" button_one_text_color__hover_enabled=\"off\" button_two_text_color__hover_enabled=\"off\" button_one_border_width__hover_enabled=\"off\" button_two_border_width__hover_enabled=\"off\" button_one_border_color__hover_enabled=\"off\" button_two_border_color__hover_enabled=\"off\" button_one_border_radius__hover_enabled=\"off\" button_two_border_radius__hover_enabled=\"off\" button_one_letter_spacing__hover_enabled=\"off\" button_two_letter_spacing__hover_enabled=\"off\" button_one_bg_color__hover_enabled=\"off\" button_two_bg_color__hover_enabled=\"off\"][\/et_pb_fullwidth_header][\/et_pb_section][et_pb_section fb_built=\"1\" _builder_version=\"3.22\"][et_pb_row column_structure=\"1_3,2_3\" _builder_version=\"3.25\" background_size=\"initial\" background_position=\"top_left\" background_repeat=\"repeat\"][et_pb_column type=\"1_3\" _builder_version=\"3.25\" custom_padding=\"|||\" custom_padding__hover=\"|||\"][et_pb_image src=\"https:\/\/arcanaluminium.com\/wp-content\/uploads\/2020\/06\/adfast.png\" alt=\"adseal\" title_text=\"adfast\" align=\"center\" align_tablet=\"center\" align_phone=\"\" align_last_edited=\"on|desktop\" _builder_version=\"4.4.7\" always_center_on_mobile=\"on\"][\/et_pb_image][\/et_pb_column][et_pb_column type=\"2_3\" _builder_version=\"3.25\" custom_padding=\"|||\" custom_padding__hover=\"|||\"][et_pb_text _builder_version=\"4.4.7\" text_text_color=\"#000000\" hover_enabled=\"0\" text_orientation=\"justified\"]\r\n<h2>Utilisation du scellant adh\u00e9sif silicone<\/h2>\r\nLe scellant adh\u00e9sif silicone neutre d'\u00e9tanch\u00e9it\u00e9 Adseal DWS S\u00e9rie 4580 est un produit tr\u00e8s versatile. Il peut \u00eatre utilis\u00e9 sur les mat\u00e9riaux tel que l\u2019aluminium, le verre, la ma\u00e7onnerie, certains plastiques, les m\u00e9taux peints ou non peints ainsi que d\u2019autres substrats. Il est \u00e9galement compatible avec les unit\u00e9s scell\u00e9es. C'est un produit id\u00e9al pour les joints de mouvement et de p\u00e9rim\u00e8tres.\r\n\r\n<a href=\"https:\/\/arcanaluminium.com\/nous-joindre\/\">Communiquez avec nous<\/a> pour vous procurer ce produit.\r\n\r\n[\/et_pb_text][et_pb_divider _builder_version=\"4.4.7\" show_divider=\"off\" hover_enabled=\"0\"][\/et_pb_divider][et_pb_text _builder_version=\"4.4.7\" text_text_color=\"#000000\" hover_enabled=\"0\" text_orientation=\"justified\"]\r\n<h2>Caract\u00e9ristiques du produit<\/h2>\r\nCe produit Adseal offre une excellente r\u00e9sistance aux rayons UV. Il peut donc \u00eatre utilis\u00e9 autant \u00e0 l'ext\u00e9rieur qu'\u00e0 l'int\u00e9rieur sans probl\u00e8me. C'est un produit non corrosif, \u00e0 faible compos\u00e9s organiques volatils (COV). Ce produit ne peut pas \u00eatre peint. Il d\u00e9gage tr\u00e8s peu d\u2019odeur durant la vulcanisation et il n\u2019oxyde pas le m\u00e9tal. Lorsque compl\u00e8tement vulcanis\u00e9, le scellant r\u00e9siste \u00e0 des temp\u00e9ratures permanentes allant de -40\u00b0C \u00e0 232\u00b0C (-40\u00b0F \u00e0 450\u00b0F) et \u00e0 des temp\u00e9ratures intermittentes allant de -51\u00b0C \u00e0 260\u00b0C (-60\u00b0F \u00e0 500\u00b0F). Le scellant silicone Adseal r\u00e9pond aux normes ASTM C920, S, NS, classe 50, usage NT, M, G A, O, AAMA 802 et 805.\r\n\r\n[\/et_pb_text][et_pb_divider _builder_version=\"4.4.7\" show_divider=\"off\" hover_enabled=\"0\"][\/et_pb_divider][et_pb_text _builder_version=\"4.4.7\" text_text_color=\"#000000\" hover_enabled=\"0\" text_orientation=\"justified\"]\r\n<h2>Application du scellant Adseal DWS S\u00e9rie 4580<\/h2>\r\nEn raison de son syst\u00e8me \u00e0 vulcanisation au contact de l\u2019humidit\u00e9, la profondeur du bourrelet ne doit pas exc\u00e9der 1\/2\" sinon le scellant ne pourra vulcaniser compl\u00e8tement. Pour les applications dont la profondeur du bourrelet doit exc\u00e9der 1\/2\", nous recommandons un silicone \u00e0 deux composantes. La grosseur minimum d\u2019un joint de mouvement ou d\u2019\u00e9tanch\u00e9it\u00e9 devrait \u00eatre de 1\/4\" x 1\/4\".\r\n\r\n[\/et_pb_text][\/et_pb_column][\/et_pb_row][\/et_pb_section]","_et_gb_content_width":""},"product_brand":[],"product_cat":[113],"product_tag":[],"class_list":{"0":"post-7551","1":"product","2":"type-product","3":"status-publish","4":"has-post-thumbnail","6":"product_cat-silicones-and-caulkings","8":"first","9":"instock","10":"shipping-taxable","11":"product-type-simple"},"_links":{"self":[{"href":"https:\/\/arcanaluminium.com\/en\/wp-json\/wp\/v2\/product\/7551","targetHints":{"allow":["GET"]}}],"collection":[{"href":"https:\/\/arcanaluminium.com\/en\/wp-json\/wp\/v2\/product"}],"about":[{"href":"https:\/\/arcanaluminium.com\/en\/wp-json\/wp\/v2\/types\/product"}],"wp:featuredmedia":[{"embeddable":true,"href":"https:\/\/arcanaluminium.com\/en\/wp-json\/wp\/v2\/media\/7699"}],"wp:attachment":[{"href":"https:\/\/arcanaluminium.com\/en\/wp-json\/wp\/v2\/media?parent=7551"}],"wp:term":[{"taxonomy":"product_brand","embeddable":true,"href":"https:\/\/arcanaluminium.com\/en\/wp-json\/wp\/v2\/product_brand?post=7551"},{"taxonomy":"product_cat","embeddable":true,"href":"https:\/\/arcanaluminium.com\/en\/wp-json\/wp\/v2\/product_cat?post=7551"},{"taxonomy":"product_tag","embeddable":true,"href":"https:\/\/arcanaluminium.com\/en\/wp-json\/wp\/v2\/product_tag?post=7551"}],"curies":[{"name":"wp","href":"https:\/\/api.w.org\/{rel}","templated":true}]}}