{"id":2090,"date":"2013-07-13T15:52:14","date_gmt":"2013-07-13T14:52:14","guid":{"rendered":"https:\/\/lavender-worm-928489.hostingersite.com\/product\/shurflo-gutter-protection-system-2\/"},"modified":"2022-10-10T20:06:53","modified_gmt":"2022-10-10T19:06:53","slug":"shurflo-gutter-protection-system","status":"publish","type":"product","link":"https:\/\/arcanaluminium.com\/en\/product\/shurflo-gutter-protection-system\/","title":{"rendered":"Shurflo Gutter Leaf Protection"},"content":{"rendered":"<p>[et_pb_section fb_built=&#8221;1&#8243; fullwidth=&#8221;on&#8221; _builder_version=&#8221;4.16&#8243; global_colors_info=&#8221;{}&#8221;][et_pb_fullwidth_header title=&#8221;Protect your Eavestrough with our Leaf Guard Gutter Protection System!&#8221; text_orientation=&#8221;center&#8221; header_scroll_down=&#8221;on&#8221; scroll_down_icon=&#8221;%%0%%&#8221; background_overlay_color=&#8221;rgba(51,51,51,0.4)&#8221; _builder_version=&#8221;4.16&#8243; background_color=&#8221;rgba(255, 255, 255, 0)&#8221; background_image=&#8221;https:\/\/arcanaluminium.com\/wp-content\/uploads\/2013\/07\/protege_gouttiere.jpg&#8221; custom_css_title=&#8221;margin-top:200px;&#8221; global_colors_info=&#8221;{}&#8221; button_one_text_size__hover_enabled=&#8221;off&#8221; button_two_text_size__hover_enabled=&#8221;off&#8221; button_one_text_color__hover_enabled=&#8221;off&#8221; button_two_text_color__hover_enabled=&#8221;off&#8221; button_one_border_width__hover_enabled=&#8221;off&#8221; button_two_border_width__hover_enabled=&#8221;off&#8221; button_one_border_color__hover_enabled=&#8221;off&#8221; button_two_border_color__hover_enabled=&#8221;off&#8221; button_one_border_radius__hover_enabled=&#8221;off&#8221; button_two_border_radius__hover_enabled=&#8221;off&#8221; button_one_letter_spacing__hover_enabled=&#8221;off&#8221; button_two_letter_spacing__hover_enabled=&#8221;off&#8221; button_one_bg_color__hover_enabled=&#8221;off&#8221; button_two_bg_color__hover_enabled=&#8221;off&#8221;][\/et_pb_fullwidth_header][\/et_pb_section][et_pb_section fb_built=&#8221;1&#8243; _builder_version=&#8221;4.16&#8243; global_colors_info=&#8221;{}&#8221;][et_pb_row _builder_version=&#8221;4.16&#8243; background_size=&#8221;initial&#8221; background_position=&#8221;top_left&#8221; background_repeat=&#8221;repeat&#8221; global_colors_info=&#8221;{}&#8221; column_structure=&#8221;1_3,2_3&#8243;][et_pb_column type=&#8221;1_3&#8243; _builder_version=&#8221;4.16&#8243; custom_padding=&#8221;|||&#8221; global_colors_info=&#8221;{}&#8221; custom_padding__hover=&#8221;|||&#8221;][et_pb_image src=&#8221;https:\/\/arcanaluminium.com\/wp-content\/uploads\/2019\/05\/images-3.jpeg-e1558378963824.jpg&#8221; alt=&#8221;Prot\u00e8ge-goutti\u00e8res en aluminium | Protection contre les feuilles&#8221; title_text=&#8221;Shurflo Gutter Leaf Protection&#8221; align=&#8221;center&#8221; align_tablet=&#8221;center&#8221; align_last_edited=&#8221;on|desktop&#8221; _builder_version=&#8221;4.16&#8243; always_center_on_mobile=&#8221;on&#8221; global_colors_info=&#8221;{}&#8221; align_phone=&#8221;center&#8221;][\/et_pb_image][\/et_pb_column][et_pb_column type=&#8221;2_3&#8243; _builder_version=&#8221;4.16&#8243; custom_padding=&#8221;|||&#8221; global_colors_info=&#8221;{}&#8221; custom_padding__hover=&#8221;|||&#8221;][et_pb_text _builder_version=&#8221;4.17.6&#8243; hover_enabled=&#8221;0&#8243; global_colors_info=&#8221;{}&#8221; sticky_enabled=&#8221;0&#8243;]<\/p>\n<p>When your eavestroughs become clogged with leaves, pine needles and debris of all kinds, they overflow and cause damage to your landscaping, basement or foundation. In addition to solidifying your gutters, our protection system will prevent leaves and other residues from blocking them, so you do not have to climb a ladder to clean your gutters!<\/p>\n<p>Made of durable aluminum, our guards are very durable and will not rust. Our gutter guards are easy to install and remove. Just put them in place and screw them. They are available in lengths of 4 feet and 10 feet.<\/p>\n<p>You can use this sheet protection with your <a href=\"https:\/\/arcanaluminium.com\/en\/product\/rainware-and-accessoires\/\">aluminum gutters<\/a> or <a href=\"https:\/\/arcanaluminium.com\/en\/product\/copper-gutters\/\">copper gutters.<\/a><\/p>\n<p>[\/et_pb_text][\/et_pb_column][\/et_pb_row][\/et_pb_section][et_pb_section fb_built=&#8221;1&#8243; _builder_version=&#8221;4.16&#8243; background_color=&#8221;#f7f7f7&#8243; global_colors_info=&#8221;{}&#8221;][et_pb_row _builder_version=&#8221;4.16&#8243; background_size=&#8221;initial&#8221; background_position=&#8221;top_left&#8221; background_repeat=&#8221;repeat&#8221; global_colors_info=&#8221;{}&#8221; column_structure=&#8221;1_3,2_3&#8243;][et_pb_column type=&#8221;1_3&#8243; _builder_version=&#8221;4.16&#8243; custom_padding=&#8221;|||&#8221; global_colors_info=&#8221;{}&#8221; custom_padding__hover=&#8221;|||&#8221;][et_pb_image src=&#8221;https:\/\/arcanaluminium.com\/wp-content\/uploads\/2019\/05\/images-2.jpeg.jpg&#8221; alt=&#8221;Prot\u00e8ge-goutti\u00e8res en aluminium | Protection contre les feuilles&#8221; title_text=&#8221;Shurflo Gutter Leaf Protection&#8221; align=&#8221;center&#8221; align_tablet=&#8221;center&#8221; align_last_edited=&#8221;on|desktop&#8221; _builder_version=&#8221;4.16&#8243; always_center_on_mobile=&#8221;on&#8221; global_colors_info=&#8221;{}&#8221; align_phone=&#8221;center&#8221;][\/et_pb_image][\/et_pb_column][et_pb_column type=&#8221;2_3&#8243; _builder_version=&#8221;4.16&#8243; custom_padding=&#8221;|||&#8221; global_colors_info=&#8221;{}&#8221; custom_padding__hover=&#8221;|||&#8221;][et_pb_text _builder_version=&#8221;4.16&#8243; global_colors_info=&#8221;{}&#8221;]<\/p>\n<h2>Installing Leaf Guard Protection : Do it Yourself or by a Pro?<\/h2>\n<p>You can easily install the guards yourself. All you need as a tool is a screwdriver! We supply you with screws and parts. Afraid of heights? We can refer you to one of our specialists in your area!<\/p>\n<p>[\/et_pb_text][\/et_pb_column][\/et_pb_row][\/et_pb_section][et_pb_section fb_built=&#8221;1&#8243; _builder_version=&#8221;4.16&#8243; global_colors_info=&#8221;{}&#8221;][et_pb_row _builder_version=&#8221;4.16&#8243; background_size=&#8221;initial&#8221; background_position=&#8221;top_left&#8221; background_repeat=&#8221;repeat&#8221; global_colors_info=&#8221;{}&#8221; column_structure=&#8221;1_4,1_2,1_4&#8243;][et_pb_column type=&#8221;1_4&#8243; _builder_version=&#8221;4.16&#8243; custom_padding=&#8221;|||&#8221; global_colors_info=&#8221;{}&#8221; custom_padding__hover=&#8221;|||&#8221;][\/et_pb_column][et_pb_column type=&#8221;1_2&#8243; _builder_version=&#8221;4.16&#8243; custom_padding=&#8221;|||&#8221; global_colors_info=&#8221;{}&#8221; custom_padding__hover=&#8221;|||&#8221;][et_pb_text _builder_version=&#8221;4.16&#8243; global_colors_info=&#8221;{}&#8221;]<\/p>\n<p><iframe src=\"\/\/www.youtube.com\/embed\/_VX1RHbC7cU?rel=0?rel=0\" width=\"420\" height=\"315\" frameborder=\"0\" allowfullscreen=\"allowfullscreen\"><\/iframe><\/p>\n<p>[\/et_pb_text][\/et_pb_column][et_pb_column type=&#8221;1_4&#8243; _builder_version=&#8221;4.16&#8243; custom_padding=&#8221;|||&#8221; global_colors_info=&#8221;{}&#8221; custom_padding__hover=&#8221;|||&#8221;][\/et_pb_column][\/et_pb_row][\/et_pb_section]<\/p>\n","protected":false},"excerpt":{"rendered":"<p>When your eavestroughs become clogged with leaves, pine needles and debris of all kinds, they overflow and cause damage to your landscaping, basement or foundation. In addition to solidifying your gutters, our protection system will prevent leaves and other residues from blocking them, so you do not have to climb a ladder to clean your [&hellip;]<\/p>\n","protected":false},"featured_media":6318,"template":"","meta":{"_et_pb_use_builder":"on","_et_pb_old_content":"Protection de goutti\u00e8res : Quand vos goutti\u00e8res deviennent obstru\u00e9es par les feuilles, aiguilles de pins et d\u00e9bris de toutes sortes, elles\u00a0 d\u00e9bordent et\u00a0 causent des dommages \u00e0 votre am\u00e9nagement paysager, votre sous-sol ou vos fondations.\r\n\r\nShur Flo emp\u00e8che vos goutti\u00e8res de s'obstruer et de d\u00e9border.\r\n<ul>\r\n \t<li>Fini le nettoyage des goutti\u00e8res<\/li>\r\n \t<li>Ne montez plus dans l'\u00e9chelle<\/li>\r\n \t<li>Avec Shur Flo, vos goutti\u00e8res fonctionnent TOUJOURS normalement<\/li>\r\n \t<li>Install\u00e9 par des professionnels qualifi\u00e9s et sp\u00e9cialement form\u00e9s.<\/li>\r\n<\/ul>\r\n<iframe src=\"\/\/www.youtube.com\/embed\/_VX1RHbC7cU?rel=0?rel=0\" width=\"420\" height=\"315\" frameborder=\"0\" allowfullscreen=\"allowfullscreen\"><\/iframe>","_et_gb_content_width":""},"product_brand":[],"product_cat":[90,96,2320],"product_tag":[2430],"class_list":{"0":"post-2090","1":"product","2":"type-product","3":"status-publish","4":"has-post-thumbnail","6":"product_cat-aluminum","7":"product_cat-aluminum-gutters","8":"product_cat-gutters","9":"product_tag-shurflo-en","11":"first","12":"instock","13":"shipping-taxable","14":"product-type-simple"},"_links":{"self":[{"href":"https:\/\/arcanaluminium.com\/en\/wp-json\/wp\/v2\/product\/2090","targetHints":{"allow":["GET"]}}],"collection":[{"href":"https:\/\/arcanaluminium.com\/en\/wp-json\/wp\/v2\/product"}],"about":[{"href":"https:\/\/arcanaluminium.com\/en\/wp-json\/wp\/v2\/types\/product"}],"wp:featuredmedia":[{"embeddable":true,"href":"https:\/\/arcanaluminium.com\/en\/wp-json\/wp\/v2\/media\/6318"}],"wp:attachment":[{"href":"https:\/\/arcanaluminium.com\/en\/wp-json\/wp\/v2\/media?parent=2090"}],"wp:term":[{"taxonomy":"product_brand","embeddable":true,"href":"https:\/\/arcanaluminium.com\/en\/wp-json\/wp\/v2\/product_brand?post=2090"},{"taxonomy":"product_cat","embeddable":true,"href":"https:\/\/arcanaluminium.com\/en\/wp-json\/wp\/v2\/product_cat?post=2090"},{"taxonomy":"product_tag","embeddable":true,"href":"https:\/\/arcanaluminium.com\/en\/wp-json\/wp\/v2\/product_tag?post=2090"}],"curies":[{"name":"wp","href":"https:\/\/api.w.org\/{rel}","templated":true}]}}