{"id":1955,"date":"2013-04-23T22:27:33","date_gmt":"2013-04-23T21:27:33","guid":{"rendered":"https:\/\/lavender-worm-928489.hostingersite.com\/product\/plieuse-tapco-pro-14-2\/"},"modified":"2021-08-10T04:07:46","modified_gmt":"2021-08-10T03:07:46","slug":"tapco-pro-14-brake","status":"publish","type":"product","link":"https:\/\/arcanaluminium.com\/en\/product\/tapco-pro-14-brake\/","title":{"rendered":"Tapco Pro 14 brake"},"content":{"rendered":"<p>[et_pb_section fb_built=&#8221;1&#8243; disabled_on=&#8221;on|on|on&#8221; _builder_version=&#8221;4.8.2&#8243; custom_padding=&#8221;0px||||false|false&#8221; disabled=&#8221;on&#8221;][et_pb_row _builder_version=&#8221;3.25&#8243; background_size=&#8221;initial&#8221; background_position=&#8221;top_left&#8221; background_repeat=&#8221;repeat&#8221; width=&#8221;100%&#8221; custom_padding=&#8221;0px||0px||false|false&#8221;][et_pb_column type=&#8221;4_4&#8243; _builder_version=&#8221;3.25&#8243; custom_padding=&#8221;|||&#8221; custom_padding__hover=&#8221;|||&#8221;][et_pb_wc_breadcrumb _builder_version=&#8221;3.0.47&#8243;][\/et_pb_wc_breadcrumb][et_pb_wc_cart_notice _builder_version=&#8221;3.0.47&#8243;][\/et_pb_wc_cart_notice][\/et_pb_column][\/et_pb_row][et_pb_row column_structure=&#8221;1_2,1_2&#8243; _builder_version=&#8221;3.25&#8243; background_size=&#8221;initial&#8221; background_position=&#8221;top_left&#8221; background_repeat=&#8221;repeat&#8221; width=&#8221;100%&#8221; custom_padding=&#8221;0px||||false|false&#8221;][et_pb_column type=&#8221;1_2&#8243; _builder_version=&#8221;3.25&#8243; custom_padding=&#8221;|||&#8221; custom_padding__hover=&#8221;|||&#8221;][et_pb_wc_images _builder_version=&#8221;3.0.47&#8243;][\/et_pb_wc_images][\/et_pb_column][et_pb_column type=&#8221;1_2&#8243; _builder_version=&#8221;3.25&#8243; custom_padding=&#8221;|||&#8221; custom_padding__hover=&#8221;|||&#8221;][et_pb_wc_title _builder_version=&#8221;3.0.47&#8243;][\/et_pb_wc_title][et_pb_wc_rating _builder_version=&#8221;3.0.47&#8243;][\/et_pb_wc_rating][et_pb_wc_price _builder_version=&#8221;3.0.47&#8243;][\/et_pb_wc_price][et_pb_wc_description _builder_version=&#8221;3.0.47&#8243;][\/et_pb_wc_description][et_pb_wc_add_to_cart _builder_version=&#8221;3.0.47&#8243;][\/et_pb_wc_add_to_cart][et_pb_wc_meta _builder_version=&#8221;3.0.47&#8243;][\/et_pb_wc_meta][\/et_pb_column][\/et_pb_row][et_pb_row _builder_version=&#8221;3.25&#8243; background_size=&#8221;initial&#8221; background_position=&#8221;top_left&#8221; background_repeat=&#8221;repeat&#8221; width=&#8221;100%&#8221;][et_pb_column type=&#8221;4_4&#8243; _builder_version=&#8221;3.25&#8243; custom_padding=&#8221;|||&#8221; custom_padding__hover=&#8221;|||&#8221;][et_pb_wc_tabs _builder_version=&#8221;3.0.47&#8243;]\t\t\t\t\t[\/et_pb_wc_tabs][et_pb_wc_upsells _builder_version=&#8221;3.0.47&#8243;][\/et_pb_wc_upsells][et_pb_wc_related_products _builder_version=&#8221;3.0.47&#8243;][\/et_pb_wc_related_products][\/et_pb_column][\/et_pb_row][\/et_pb_section][et_pb_section fb_built=&#8221;1&#8243; fullwidth=&#8221;on&#8221; _builder_version=&#8221;3.22&#8243;][et_pb_fullwidth_header title=&#8221;Tapco Pro 14 Brake&#8221; text_orientation=&#8221;center&#8221; header_scroll_down=&#8221;on&#8221; scroll_down_icon=&#8221;%%0%%&#8221; background_overlay_color=&#8221;rgba(51,51,51,0.4)&#8221; _builder_version=&#8221;4.8.2&#8243; background_color=&#8221;rgba(255, 255, 255, 0)&#8221; background_image=&#8221;https:\/\/arcanaluminium.com\/wp-content\/uploads\/2013\/04\/PRO_14-2.jpg&#8221; custom_css_title=&#8221;margin-top:200px;&#8221; button_one_text_size__hover_enabled=&#8221;off&#8221; button_two_text_size__hover_enabled=&#8221;off&#8221; button_one_text_color__hover_enabled=&#8221;off&#8221; button_two_text_color__hover_enabled=&#8221;off&#8221; button_one_border_width__hover_enabled=&#8221;off&#8221; button_two_border_width__hover_enabled=&#8221;off&#8221; button_one_border_color__hover_enabled=&#8221;off&#8221; button_two_border_color__hover_enabled=&#8221;off&#8221; button_one_border_radius__hover_enabled=&#8221;off&#8221; button_two_border_radius__hover_enabled=&#8221;off&#8221; button_one_letter_spacing__hover_enabled=&#8221;off&#8221; button_two_letter_spacing__hover_enabled=&#8221;off&#8221; button_one_bg_color__hover_enabled=&#8221;off&#8221; button_two_bg_color__hover_enabled=&#8221;off&#8221;][\/et_pb_fullwidth_header][\/et_pb_section][et_pb_section fb_built=&#8221;1&#8243; _builder_version=&#8221;4.8.2&#8243; background_color=&#8221;#f7f7f7&#8243;][et_pb_row column_structure=&#8221;1_3,2_3&#8243; _builder_version=&#8221;3.25&#8243; background_size=&#8221;initial&#8221; background_position=&#8221;top_left&#8221; background_repeat=&#8221;repeat&#8221;][et_pb_column type=&#8221;1_3&#8243; _builder_version=&#8221;3.25&#8243; custom_padding=&#8221;|||&#8221; custom_padding__hover=&#8221;|||&#8221;][et_pb_image src=&#8221;https:\/\/arcanaluminium.com\/wp-content\/uploads\/2013\/04\/PRO14-removebg-preview.png&#8221; alt=&#8221;tapco brake&#8221; title_text=&#8221;PRO14-3&#8243; align=&#8221;center&#8221; align_tablet=&#8221;center&#8221; align_phone=&#8221;&#8221; align_last_edited=&#8221;on|desktop&#8221; _builder_version=&#8221;4.8.2&#8243; always_center_on_mobile=&#8221;on&#8221;][\/et_pb_image][\/et_pb_column][et_pb_column type=&#8221;2_3&#8243; _builder_version=&#8221;3.25&#8243; custom_padding=&#8221;|||&#8221; custom_padding__hover=&#8221;|||&#8221;][et_pb_text _builder_version=&#8221;4.8.2&#8243; ul_line_height=&#8221;2em&#8221; header_2_line_height=&#8221;1.2em&#8221; hover_enabled=&#8221;0&#8243; sticky_enabled=&#8221;0&#8243;]<\/p>\n<h2>The Tapco Pro 14 Siding Brake is\u00a0rugged, guaranteed, assembled and ready to go!<\/h2>\n<p>The PRO 14 brake easily produces high-quality custom pieces for any siding and roofing application, from soffit and fascia to custom brickmold, sill trim, window casing, chimney flashing and more. The most popular siding brake in North America, offering the best value and performance. Loved by door and window installers, siding contractors and roofers!<\/p>\n<p>We carry 8\u20196&#8243;, 10\u20196&#8243; and 12\u20196&#8243; models.<br \/>The Tapco Pro 14 can bend <a href=\"https:\/\/arcanaluminium.com\/en\/product-category\/aluminum\/\">aluminum<\/a>,\u00a0<a href=\"https:\/\/arcanaluminium.com\/en\/product-category\/steel\/\">steel<\/a>\u00a0and\u00a0<a href=\"https:\/\/arcanaluminium.com\/en\/product-category\/copper\/\">copper<\/a>.<\/p>\n<p>[\/et_pb_text][\/et_pb_column][\/et_pb_row][\/et_pb_section][et_pb_section fb_built=&#8221;1&#8243; _builder_version=&#8221;4.8.2&#8243; background_enable_color=&#8221;off&#8221;][et_pb_row column_structure=&#8221;1_3,2_3&#8243; _builder_version=&#8221;3.25&#8243; background_size=&#8221;initial&#8221; background_position=&#8221;top_left&#8221; background_repeat=&#8221;repeat&#8221;][et_pb_column type=&#8221;1_3&#8243; _builder_version=&#8221;3.25&#8243; custom_padding=&#8221;|||&#8221; custom_padding__hover=&#8221;|||&#8221;][et_pb_image src=&#8221;https:\/\/arcanaluminium.com\/wp-content\/uploads\/2013\/04\/tapco_pro_141.jpg&#8221; alt=&#8221;tapco pro 14&#8243; title_text=&#8221;tapco_pro_14&#8243; align=&#8221;center&#8221; align_tablet=&#8221;center&#8221; align_phone=&#8221;&#8221; align_last_edited=&#8221;on|desktop&#8221; _builder_version=&#8221;4.8.2&#8243; always_center_on_mobile=&#8221;on&#8221;][\/et_pb_image][\/et_pb_column][et_pb_column type=&#8221;2_3&#8243; _builder_version=&#8221;3.25&#8243; custom_padding=&#8221;|||&#8221; custom_padding__hover=&#8221;|||&#8221;][et_pb_text _builder_version=&#8221;4.8.2&#8243; ul_line_height=&#8221;2em&#8221;]<\/p>\n<h2>Tool features<\/h2>\n<ul>\n<li><span style=\"font-weight: 400;\">Efficient pulling motion of the hemming handle keeps material securely in place without interference<\/span><\/li>\n<li><span style=\"font-weight: 400;\"> Unique toggle lock system reduces operator fatigue and excessive wear and tear<\/span><\/li>\n<li><span style=\"font-weight: 400;\"> Independent bending handles allow for easy operation<\/span><\/li>\n<li><span style=\"font-weight: 400;\"> Patented Moving Pivot Hinge provides increased bending power<\/span><\/li>\n<li><span style=\"font-weight: 400;\"> Hemming capability allows for 180-degree overbends to produce more rigid panels.<\/span><\/li>\n<li><span style=\"font-weight: 400;\"> 14\u201d throat depth; wide, 2-\u215c\u201d mouth opening; inside working pockets<\/span><\/li>\n<li><span style=\"font-weight: 400;\"> Available Lengths: 8&#8242; 6&#8243;, 10&#8242; 6&#8243; and 12&#8242; 6&#8243;<\/span><\/li>\n<li><span style=\"font-weight: 400;\"> Weight: 8&#8242; 6&#8243; brake, 87 lbs; 10&#8242; 6&#8243; brake, 106 lbs; 10&#8242; 6&#8243; heavy-duty brake, 127 lbs; 12&#8242; 6&#8243; brake, 129 lbs.<\/span><\/li>\n<\/ul>\n<p>[\/et_pb_text][\/et_pb_column][\/et_pb_row][\/et_pb_section][et_pb_section fb_built=&#8221;1&#8243; _builder_version=&#8221;4.8.2&#8243; background_color=&#8221;#f7f7f7&#8243;][et_pb_row _builder_version=&#8221;4.8.2&#8243; background_size=&#8221;initial&#8221; background_position=&#8221;top_left&#8221; background_repeat=&#8221;repeat&#8221;][et_pb_column type=&#8221;4_4&#8243; _builder_version=&#8221;3.25&#8243; custom_padding=&#8221;|||&#8221; custom_padding__hover=&#8221;|||&#8221;][et_pb_text _builder_version=&#8221;4.8.2&#8243; ul_line_height=&#8221;2em&#8221;]<\/p>\n<h2>Bending capacities<\/h2>\n<ul>\n<li>Soft Aluminum Up to .032<\/li>\n<li>Galvanized Steel Up to 28 ga.<\/li>\n<li>Copper Sheet &amp; Coil Up to 16 oz.<\/li>\n<\/ul>\n<h2>\u00a0<\/h2>\n<h2>Pro 14 Heavy Duty ( 10\u20196\u2033 model only):<\/h2>\n<ul>\n<li>Soft Aluminum Up to .040<\/li>\n<li>Galvanized Steel Up to 26 ga.<\/li>\n<li>Copper Sheet &amp; Coil Up to 20 oz.<\/li>\n<\/ul>\n<p>[\/et_pb_text][\/et_pb_column][\/et_pb_row][\/et_pb_section][et_pb_section fb_built=&#8221;1&#8243; _builder_version=&#8221;3.22&#8243;][et_pb_row _builder_version=&#8221;4.8.2&#8243; _module_preset=&#8221;default&#8221;][et_pb_column type=&#8221;4_4&#8243; _builder_version=&#8221;4.8.2&#8243; _module_preset=&#8221;default&#8221;][et_pb_wc_upsells _builder_version=&#8221;4.8.2&#8243; _module_preset=&#8221;default&#8221;][\/et_pb_wc_upsells][\/et_pb_column][\/et_pb_row][\/et_pb_section]<\/p>\n","protected":false},"excerpt":{"rendered":"<p>The Tapco Pro 14 Siding Brake is\u00a0rugged, guaranteed, assembled and ready to go! The PRO 14 brake easily produces high-quality custom pieces for any siding and roofing application, from soffit and fascia to custom brickmold, sill trim, window casing, chimney flashing and more. The most popular siding brake in North America, offering the best value [&hellip;]<\/p>\n","protected":false},"featured_media":19597,"template":"","meta":{"_et_pb_use_builder":"on","_et_pb_old_content":"Plieuse Tapco Pro 14, une plieuse d'aluminium de qualit\u00e9!\r\n\r\nNos d\u00e9tenons en inventaire les longueurs suivantes : 8\u00bd pieds, 10\u00bd pieds et 12\u00bd pieds.\r\nNos machines plient <a title=\"rouleau aluminium \" href=\"https:\/\/arcanaluminium.com\/categorie-produit\/aluminium\/\">l'aluminium<\/a>, <a title=\"feuille acier\" href=\"https:\/\/arcanaluminium.com\/categorie-produit\/acier\/\">l'acier<\/a> et le <a title=\"rouleau cuivre\" href=\"https:\/\/arcanaluminium.com\/categorie-produit\/cuivre\/\">cuivre<\/a>.\r\n\r\nRobustes, garanties, assembl\u00e9es et pr\u00eates au travail!\r\n<ul>\r\n \t<li>Profondeur de gorge de 35,6 cm (14 po) avec larges caissons int\u00e9rieurs de travail brevet\u00e9s et ouverture de r\u00e9ception de 6 cm ( 2-3\/8 po)<\/li>\r\n \t<li>Plieuse d'aluminium de fabrication l\u00e9g\u00e8re en alliages haute technologie anodis\u00e9s avec matrices de conception assist\u00e9e par ordinateur assurant puissance et durabilit\u00e9 de rendement<\/li>\r\n \t<li>\u00abCharni\u00e8re de pivotement mobile \u00bb brevet\u00e9e de conception la plus avanc\u00e9e au monde procurant un rendement de pliage incomparable<\/li>\r\n \t<li>Rapidit\u00e9, puissance et s\u00e9curit\u00e9 de serrage<\/li>\r\n \t<li>Possibilit\u00e9 de rabattage \u00e0 180\u00b0 servant \u00e0 fabriquer des panneaux de rigidit\u00e9 sup\u00e9rieure<\/li>\r\n<\/ul>\r\n<ul>\r\n \t<li class=\"bulletPoints\"><span style=\"font-family: verdana,arial,helvetica,sans-serif\"><strong>Capacit\u00e9s de Pliage\u00a0<\/strong><\/span><span style=\"font-family: verdana,arial,helvetica,sans-serif\">Aluminium souple : Jusqu'\u00e0 0,030 po\r\nAcier galvanis\u00e9 : Calibre 28 maximum\r\nT\u00f4le et bobine en cuivre : Jusqu'\u00e0 16 oz.<\/span><\/li>\r\n \t<li class=\"bulletPoints\">\r\n<p class=\"bulletPoints\"><span style=\"font-family: verdana,arial,helvetica,sans-serif\"><strong><span style=\"font-family: verdana,arial,helvetica,sans-serif\">Pro 14 Heavy Duty ( mod\u00e8le de 10'6\" seulement):<\/span><\/strong><\/span><\/p>\r\n<p class=\"bulletPoints\"><span style=\"font-family: verdana,arial,helvetica,sans-serif\"><span style=\"font-family: verdana,arial,helvetica,sans-serif\">Aluminium souple: Jusqu'\u00e0 0,040 po\r\nAcier galvanis\u00e9 : Calibre 26 maximum\r\nT\u00f4le et bobine en cuivre : Jusqu'\u00e0 20 oz. <\/span><\/span><\/p>\r\n<\/li>\r\n<\/ul>","_et_gb_content_width":""},"product_brand":[],"product_cat":[1209],"product_tag":[4101,4115,4099,491,4117,4096],"class_list":{"0":"post-1955","1":"product","2":"type-product","3":"status-publish","4":"has-post-thumbnail","6":"product_cat-siding-brakes-en","7":"product_tag-aluminum-siding-brake","8":"product_tag-aluminum-siding-brake-en","9":"product_tag-commercial-siding-brake","10":"product_tag-tapco-pro-14-brake","11":"product_tag-tapco-pro-14-brake-en","12":"product_tag-tapco-siding-brake","14":"first","15":"instock","16":"shipping-taxable","17":"product-type-simple"},"_links":{"self":[{"href":"https:\/\/arcanaluminium.com\/en\/wp-json\/wp\/v2\/product\/1955","targetHints":{"allow":["GET"]}}],"collection":[{"href":"https:\/\/arcanaluminium.com\/en\/wp-json\/wp\/v2\/product"}],"about":[{"href":"https:\/\/arcanaluminium.com\/en\/wp-json\/wp\/v2\/types\/product"}],"wp:featuredmedia":[{"embeddable":true,"href":"https:\/\/arcanaluminium.com\/en\/wp-json\/wp\/v2\/media\/19597"}],"wp:attachment":[{"href":"https:\/\/arcanaluminium.com\/en\/wp-json\/wp\/v2\/media?parent=1955"}],"wp:term":[{"taxonomy":"product_brand","embeddable":true,"href":"https:\/\/arcanaluminium.com\/en\/wp-json\/wp\/v2\/product_brand?post=1955"},{"taxonomy":"product_cat","embeddable":true,"href":"https:\/\/arcanaluminium.com\/en\/wp-json\/wp\/v2\/product_cat?post=1955"},{"taxonomy":"product_tag","embeddable":true,"href":"https:\/\/arcanaluminium.com\/en\/wp-json\/wp\/v2\/product_tag?post=1955"}],"curies":[{"name":"wp","href":"https:\/\/api.w.org\/{rel}","templated":true}]}}