{"id":1954,"date":"2013-04-23T22:28:37","date_gmt":"2013-04-23T21:28:37","guid":{"rendered":"https:\/\/lavender-worm-928489.hostingersite.com\/product\/tapco-pro-19-brake-2\/"},"modified":"2021-08-10T17:18:22","modified_gmt":"2021-08-10T16:18:22","slug":"tapco-pro-19-brake","status":"publish","type":"product","link":"https:\/\/arcanaluminium.com\/en\/product\/tapco-pro-19-brake\/","title":{"rendered":"Tapco Pro 19 brake"},"content":{"rendered":"<p>[et_pb_section fb_built=&#8221;1&#8243; disabled_on=&#8221;on|on|on&#8221; _builder_version=&#8221;4.8.2&#8243; custom_padding=&#8221;0px||||false|false&#8221; disabled=&#8221;on&#8221;][et_pb_row _builder_version=&#8221;3.25&#8243; background_size=&#8221;initial&#8221; background_position=&#8221;top_left&#8221; background_repeat=&#8221;repeat&#8221; width=&#8221;100%&#8221; custom_padding=&#8221;0px||0px||false|false&#8221;][et_pb_column type=&#8221;4_4&#8243; _builder_version=&#8221;3.25&#8243; custom_padding=&#8221;|||&#8221; custom_padding__hover=&#8221;|||&#8221;][et_pb_wc_breadcrumb _builder_version=&#8221;3.0.47&#8243;][\/et_pb_wc_breadcrumb][et_pb_wc_cart_notice _builder_version=&#8221;3.0.47&#8243;][\/et_pb_wc_cart_notice][\/et_pb_column][\/et_pb_row][et_pb_row column_structure=&#8221;1_2,1_2&#8243; _builder_version=&#8221;3.25&#8243; background_size=&#8221;initial&#8221; background_position=&#8221;top_left&#8221; background_repeat=&#8221;repeat&#8221; width=&#8221;100%&#8221; custom_padding=&#8221;0px||||false|false&#8221;][et_pb_column type=&#8221;1_2&#8243; _builder_version=&#8221;3.25&#8243; custom_padding=&#8221;|||&#8221; custom_padding__hover=&#8221;|||&#8221;][et_pb_wc_images _builder_version=&#8221;3.0.47&#8243;][\/et_pb_wc_images][\/et_pb_column][et_pb_column type=&#8221;1_2&#8243; _builder_version=&#8221;3.25&#8243; custom_padding=&#8221;|||&#8221; custom_padding__hover=&#8221;|||&#8221;][et_pb_wc_title _builder_version=&#8221;3.0.47&#8243;][\/et_pb_wc_title][et_pb_wc_rating _builder_version=&#8221;3.0.47&#8243;][\/et_pb_wc_rating][et_pb_wc_price _builder_version=&#8221;3.0.47&#8243;][\/et_pb_wc_price][et_pb_wc_description _builder_version=&#8221;3.0.47&#8243;][\/et_pb_wc_description][et_pb_wc_add_to_cart _builder_version=&#8221;3.0.47&#8243;][\/et_pb_wc_add_to_cart][et_pb_wc_meta _builder_version=&#8221;3.0.47&#8243;][\/et_pb_wc_meta][\/et_pb_column][\/et_pb_row][et_pb_row column_structure=&#8221;1_2,1_2&#8243; _builder_version=&#8221;3.25&#8243; background_size=&#8221;initial&#8221; background_position=&#8221;top_left&#8221; background_repeat=&#8221;repeat&#8221; width=&#8221;100%&#8221; custom_padding=&#8221;0px||||false|false&#8221;][et_pb_column type=&#8221;1_2&#8243; _builder_version=&#8221;3.25&#8243; custom_padding=&#8221;|||&#8221; custom_padding__hover=&#8221;|||&#8221;][et_pb_wc_images _builder_version=&#8221;3.0.47&#8243;][\/et_pb_wc_images][\/et_pb_column][et_pb_column type=&#8221;1_2&#8243; _builder_version=&#8221;3.25&#8243; custom_padding=&#8221;|||&#8221; custom_padding__hover=&#8221;|||&#8221;][et_pb_wc_title _builder_version=&#8221;3.0.47&#8243;][\/et_pb_wc_title][et_pb_wc_rating _builder_version=&#8221;3.0.47&#8243;][\/et_pb_wc_rating][et_pb_wc_price _builder_version=&#8221;3.0.47&#8243;][\/et_pb_wc_price][et_pb_wc_description _builder_version=&#8221;3.0.47&#8243;][\/et_pb_wc_description][et_pb_wc_add_to_cart _builder_version=&#8221;3.0.47&#8243;][\/et_pb_wc_add_to_cart][et_pb_wc_meta _builder_version=&#8221;3.0.47&#8243;][\/et_pb_wc_meta][\/et_pb_column][\/et_pb_row][et_pb_row _builder_version=&#8221;3.25&#8243; background_size=&#8221;initial&#8221; background_position=&#8221;top_left&#8221; background_repeat=&#8221;repeat&#8221; width=&#8221;100%&#8221;][et_pb_column type=&#8221;4_4&#8243; _builder_version=&#8221;3.25&#8243; custom_padding=&#8221;|||&#8221; custom_padding__hover=&#8221;|||&#8221;][et_pb_wc_tabs _builder_version=&#8221;3.0.47&#8243;]\t\t\t\t\t[\/et_pb_wc_tabs][et_pb_wc_upsells _builder_version=&#8221;3.0.47&#8243;][\/et_pb_wc_upsells][et_pb_wc_related_products _builder_version=&#8221;3.0.47&#8243;][\/et_pb_wc_related_products][\/et_pb_column][\/et_pb_row][\/et_pb_section][et_pb_section fb_built=&#8221;1&#8243; fullwidth=&#8221;on&#8221; _builder_version=&#8221;3.22&#8243;][et_pb_fullwidth_header title=&#8221;Tapco Pro 19 Brake&#8221; text_orientation=&#8221;center&#8221; header_scroll_down=&#8221;on&#8221; scroll_down_icon=&#8221;%%0%%&#8221; background_overlay_color=&#8221;rgba(51,51,51,0.4)&#8221; _builder_version=&#8221;4.8.2&#8243; background_color=&#8221;rgba(255, 255, 255, 0)&#8221; background_image=&#8221;https:\/\/arcanaluminium.com\/wp-content\/uploads\/2021\/05\/IMG_0171-copy.jpg&#8221; hover_enabled=&#8221;0&#8243; custom_css_title=&#8221;margin-top:200px;&#8221; button_one_text_size__hover_enabled=&#8221;off&#8221; button_two_text_size__hover_enabled=&#8221;off&#8221; button_one_text_color__hover_enabled=&#8221;off&#8221; button_two_text_color__hover_enabled=&#8221;off&#8221; button_one_border_width__hover_enabled=&#8221;off&#8221; button_two_border_width__hover_enabled=&#8221;off&#8221; button_one_border_color__hover_enabled=&#8221;off&#8221; button_two_border_color__hover_enabled=&#8221;off&#8221; button_one_border_radius__hover_enabled=&#8221;off&#8221; button_two_border_radius__hover_enabled=&#8221;off&#8221; button_one_letter_spacing__hover_enabled=&#8221;off&#8221; button_two_letter_spacing__hover_enabled=&#8221;off&#8221; button_one_bg_color__hover_enabled=&#8221;off&#8221; button_two_bg_color__hover_enabled=&#8221;off&#8221; sticky_enabled=&#8221;0&#8243;][\/et_pb_fullwidth_header][\/et_pb_section][et_pb_section fb_built=&#8221;1&#8243; _builder_version=&#8221;3.22&#8243;][et_pb_row column_structure=&#8221;1_3,2_3&#8243; _builder_version=&#8221;3.25&#8243; background_size=&#8221;initial&#8221; background_position=&#8221;top_left&#8221; background_repeat=&#8221;repeat&#8221;][et_pb_column type=&#8221;1_3&#8243; _builder_version=&#8221;3.25&#8243; custom_padding=&#8221;|||&#8221; custom_padding__hover=&#8221;|||&#8221;][et_pb_image src=&#8221;https:\/\/arcanaluminium.com\/wp-content\/uploads\/2018\/03\/PRO19-w450.jpg&#8221; alt=&#8221;tapco brake&#8221; title_text=&#8221;PRO19-w450&#8243; align=&#8221;center&#8221; align_tablet=&#8221;center&#8221; align_phone=&#8221;&#8221; align_last_edited=&#8221;on|desktop&#8221; _builder_version=&#8221;4.8.2&#8243; always_center_on_mobile=&#8221;on&#8221;][\/et_pb_image][\/et_pb_column][et_pb_column type=&#8221;2_3&#8243; _builder_version=&#8221;3.25&#8243; custom_padding=&#8221;|||&#8221; custom_padding__hover=&#8221;|||&#8221;][et_pb_text _builder_version=&#8221;4.8.2&#8243;]<\/p>\n<h2 style=\"margin-bottom: 15px;\">The Tapco Pro 19 is an aluminum, steel and copper siding brake.<\/h2>\n<p>The PRO 19 brake reduces time-consuming handling and flipping of material for more efficient creation of soffit, fascia, custom brickmold, gutter aprons, chimney flashing, drip edges, window casing and sill trim, and roof flashing. It is also loved by door and window installers, siding contractors and roofers!<\/p>\n<p>We carry the 8\u00bd, 10\u00bd and 12\u00bd models.\u00a0<br \/>The Tapco Pro 19 can bend <a href=\"https:\/\/arcanaluminium.com\/en\/product-category\/aluminum\/\">aluminum<\/a>,\u00a0<a href=\"https:\/\/arcanaluminium.com\/en\/product-category\/steel\/\">steel<\/a>\u00a0and\u00a0<a href=\"https:\/\/arcanaluminium.com\/en\/product-category\/copper\/\">copper<\/a>.<\/p>\n<p><strong>Rugged, guaranteed, assembled and ready to go!<\/strong><\/p>\n<p>[\/et_pb_text][\/et_pb_column][\/et_pb_row][\/et_pb_section][et_pb_section fb_built=&#8221;1&#8243; _builder_version=&#8221;3.22&#8243; background_color=&#8221;#f7f7f7&#8243;][et_pb_row _builder_version=&#8221;4.8.2&#8243; background_size=&#8221;initial&#8221; background_position=&#8221;top_left&#8221; background_repeat=&#8221;repeat&#8221;][et_pb_column type=&#8221;4_4&#8243; _builder_version=&#8221;3.25&#8243; custom_padding=&#8221;|||&#8221; custom_padding__hover=&#8221;|||&#8221;][et_pb_text _builder_version=&#8221;4.8.2&#8243; ul_line_height=&#8221;2em&#8221;]<\/p>\n<h2>Tool features<\/h2>\n<ul>\n<li><span style=\"font-weight: 400;\"> Efficient locking system uses a pulling motion, allowing you to remain closer to the tool when working with large coil<\/span><\/li>\n<li><span style=\"font-weight: 400;\"> Individual bending handles also allow you to get closer to the work, compared to loop-design handles<\/span><\/li>\n<li><span style=\"font-weight: 400;\"> Patented Moving Pivot Hinge increases bending power without marring materials<\/span><\/li>\n<li><span style=\"font-weight: 400;\"> Dual locking handles provide fast, secure clamping<\/span><\/li>\n<li><span style=\"font-weight: 400;\"> Available Lengths: 8&#8242; 6&#8243;, 10&#8242; 6&#8243;, 12&#8242; 6&#8243;<\/span><\/li>\n<li><span style=\"font-weight: 400;\"> Weight: 8\u2019 6\u201d 96 lbs; 10&#8242; 6&#8243; brake, 121 lbs; 12&#8242; 6&#8243; brake, 147 lbs.<\/span><\/li>\n<li><span style=\"font-weight: 400;\"> Throat Depth: 19&#8243;<\/span><\/li>\n<li><span style=\"font-weight: 400;\"> Mouth Opening: 2-3\/8&#8243;<\/span><\/li>\n<\/ul>\n<p>[\/et_pb_text][\/et_pb_column][\/et_pb_row][\/et_pb_section][et_pb_section fb_built=&#8221;1&#8243; _builder_version=&#8221;3.22&#8243;][et_pb_row _builder_version=&#8221;4.8.2&#8243; background_size=&#8221;initial&#8221; background_position=&#8221;top_left&#8221; background_repeat=&#8221;repeat&#8221;][et_pb_column type=&#8221;4_4&#8243; _builder_version=&#8221;3.25&#8243; custom_padding=&#8221;|||&#8221; custom_padding__hover=&#8221;|||&#8221;][et_pb_text _builder_version=&#8221;4.8.2&#8243; ul_line_height=&#8221;2em&#8221;]<\/p>\n<h2>Bending Capacities<\/h2>\n<ul>\n<li>Soft Aluminum: Up to .032<\/li>\n<li>Galvanized Steel: Up to 28 ga.<\/li>\n<li>Copper sheet &amp; coil: Up to 16 oz.<\/li>\n<\/ul>\n<p>[\/et_pb_text][\/et_pb_column][\/et_pb_row][\/et_pb_section][et_pb_section fb_built=&#8221;1&#8243; _builder_version=&#8221;3.22&#8243; background_color=&#8221;#f7f7f7&#8243;][et_pb_row _builder_version=&#8221;4.8.2&#8243; background_size=&#8221;initial&#8221; background_position=&#8221;top_left&#8221; background_repeat=&#8221;repeat&#8221;][et_pb_column type=&#8221;4_4&#8243; _builder_version=&#8221;3.25&#8243; custom_padding=&#8221;|||&#8221; custom_padding__hover=&#8221;|||&#8221;][et_pb_text _builder_version=&#8221;4.8.2&#8243; ul_line_height=&#8221;2em&#8221;]<\/p>\n<h2>See advice on our <a href=\"https:\/\/arcanaluminium.com\/en\/blog\/\">Blog<\/a><\/h2>\n<ul>\n<li class=\"entry-title\"><a href=\"https:\/\/arcanaluminium.com\/en\/utiliser-les-bons-outils\/\">The Right Tools for Siding Installation<\/a><\/li>\n<li class=\"entry-title\"><a href=\"https:\/\/arcanaluminium.com\/en\/comment-installer-le-revetement-exterieur-daluminium\/\">How to install aluminum siding<\/a><\/li>\n<li class=\"entry-title\"><a href=\"https:\/\/arcanaluminium.com\/en\/installation-du-revetement-exterieur-daluminium-2e-partie\/\">Aluminum Siding Installation part 2<\/a><\/li>\n<\/ul>\n<p>[\/et_pb_text][\/et_pb_column][\/et_pb_row][\/et_pb_section][et_pb_section fb_built=&#8221;1&#8243; _builder_version=&#8221;3.22&#8243;][et_pb_row _builder_version=&#8221;4.8.2&#8243; _module_preset=&#8221;default&#8221;][et_pb_column type=&#8221;4_4&#8243; _builder_version=&#8221;4.8.2&#8243; _module_preset=&#8221;default&#8221;][et_pb_wc_upsells _builder_version=&#8221;4.8.2&#8243; _module_preset=&#8221;default&#8221;][\/et_pb_wc_upsells][\/et_pb_column][\/et_pb_row][\/et_pb_section]<\/p>\n","protected":false},"excerpt":{"rendered":"<p>The Tapco Pro 19 is an aluminum, steel and copper siding brake. The PRO 19 brake reduces time-consuming handling and flipping of material for more efficient creation of soffit, fascia, custom brickmold, gutter aprons, chimney flashing, drip edges, window casing and sill trim, and roof flashing. It is also loved by door and window installers, [&hellip;]<\/p>\n","protected":false},"featured_media":5597,"template":"","meta":{"_et_pb_use_builder":"on","_et_pb_old_content":"Plieuse Tapco Pro 19\r\nLa Plieuse d'aluminium Tapco Pro 19 est une plieuse \u00e0 aluminium, acier et cuivre.\r\nCes plieuses manuelles sont robustes, garanties, assembl\u00e9es et pr\u00eates au travail!\r\n\r\nNous d\u00e9tenons en inventaire les longueurs suivantes: 6 pieds, 8\u00bd pieds, 10\u00bd pieds et 12\u00bd pieds.\r\nNos machines plient <a title=\"rouleau aluminium \" href=\"https:\/\/arcanaluminium.com\/categorie-produit\/aluminium\/\">l'aluminium<\/a>, <a title=\"feuille acier\" href=\"https:\/\/arcanaluminium.com\/categorie-produit\/acier\/\">l'acier<\/a> et le <a title=\"rouleau cuivre\" href=\"https:\/\/arcanaluminium.com\/categorie-produit\/cuivre\/\">cuivre<\/a>.\r\n<ul>\r\n \t<li>Profondeur de gorge de 48,3 cm (19 po), la plus importante de l'industrie, contribuant \u00e0 accro\u00eetre l'efficacit\u00e9 de pliage<\/li>\r\n \t<li>Insertion du mat\u00e9riau \u00e0 travailler dans la plieuse, ce qui r\u00e9duit sa manutention et son retournement tout en acc\u00e9l\u00e9rant l'op\u00e9ration de pliage<\/li>\r\n \t<li>Fabrication l\u00e9g\u00e8re en alliages haute technologie anodis\u00e9s avec matrices de conception assist\u00e9e par ordinateur<\/li>\r\n \t<li>\u00abCharni\u00e8re de pivotement mobile \u00bb brevet\u00e9e servant \u00e0 augmenter la puissance de pliage sans rayer le mat\u00e9riau \u00e0 travailler<\/li>\r\n \t<li>Caissons int\u00e9rieurs de travail brevet\u00e9s avec ouverture de r\u00e9ception de 6,0 cm (2-3\/8 po)<\/li>\r\n \t<li>Fonction de rabattage \u00e0 180\u00b0 servant \u00e0 fabriquer des panneaux de rigidit\u00e9 accrue<\/li>\r\n \t<li>Jeu de roulettes offert en option (voir les renseignements ci-dessous)<\/li>\r\n<\/ul>\r\n<ul>\r\n \t<li class=\"bulletPoints\"><span style=\"font-family: verdana,arial,helvetica,sans-serif\"><strong>CAPACITES DE PLIAGE\u00a0<\/strong><\/span><span style=\"font-family: verdana,arial,helvetica,sans-serif\">Aluminium doux : Jusqu'\u00e0 0,8 mm (0,030 po)\r\nAcier galvanis\u00e9 : Calibre 28 maximum\r\nT\u00f4le et bobine en cuivre : Jusqu'\u00e0 793,8 (16 oz)<\/span><\/li>\r\n<\/ul>\r\nVoir les conseils sur notre\u00a0<a href=\"https:\/\/arcanaluminium.com\/blog\/\">Blog<\/a>.\r\n<ul>\r\n \t<li><a href=\"https:\/\/arcanaluminium.com\/utiliser-les-bons-outils\/\">Utiliser les bons outils pour l'installation du rev\u00eatement ext\u00e9rieur<\/a><\/li>\r\n \t<li><a href=\"https:\/\/arcanaluminium.com\/comment-installer-le-revetement-exterieur-daluminium\/\">Comment installer le rev\u00eatement ext\u00e9rieur d'aluminium<\/a><\/li>\r\n \t<li><a href=\"https:\/\/arcanaluminium.com\/installation-du-revetement-exterieur-daluminium-2e-partie\/\">Installation du rev\u00eatement ext\u00e9rieur d'aluminium: 2e partie<\/a><\/li>\r\n<\/ul>","_et_gb_content_width":""},"product_brand":[],"product_cat":[118,1209],"product_tag":[4101,4119,4120,4099,497,4096],"class_list":{"0":"post-1954","1":"product","2":"type-product","3":"status-publish","4":"has-post-thumbnail","6":"product_cat-siding-brakes","7":"product_cat-siding-brakes-en","8":"product_tag-aluminum-siding-brake","9":"product_tag-bend-metal","10":"product_tag-brake-van-mark","11":"product_tag-commercial-siding-brake","12":"product_tag-tapco-pro-19-brake","13":"product_tag-tapco-siding-brake","15":"first","16":"instock","17":"shipping-taxable","18":"product-type-simple"},"_links":{"self":[{"href":"https:\/\/arcanaluminium.com\/en\/wp-json\/wp\/v2\/product\/1954","targetHints":{"allow":["GET"]}}],"collection":[{"href":"https:\/\/arcanaluminium.com\/en\/wp-json\/wp\/v2\/product"}],"about":[{"href":"https:\/\/arcanaluminium.com\/en\/wp-json\/wp\/v2\/types\/product"}],"wp:featuredmedia":[{"embeddable":true,"href":"https:\/\/arcanaluminium.com\/en\/wp-json\/wp\/v2\/media\/5597"}],"wp:attachment":[{"href":"https:\/\/arcanaluminium.com\/en\/wp-json\/wp\/v2\/media?parent=1954"}],"wp:term":[{"taxonomy":"product_brand","embeddable":true,"href":"https:\/\/arcanaluminium.com\/en\/wp-json\/wp\/v2\/product_brand?post=1954"},{"taxonomy":"product_cat","embeddable":true,"href":"https:\/\/arcanaluminium.com\/en\/wp-json\/wp\/v2\/product_cat?post=1954"},{"taxonomy":"product_tag","embeddable":true,"href":"https:\/\/arcanaluminium.com\/en\/wp-json\/wp\/v2\/product_tag?post=1954"}],"curies":[{"name":"wp","href":"https:\/\/api.w.org\/{rel}","templated":true}]}}