{"id":1953,"date":"2013-04-23T22:29:41","date_gmt":"2013-04-23T21:29:41","guid":{"rendered":"https:\/\/lavender-worm-928489.hostingersite.com\/product\/tapco-max-i-mum-2\/"},"modified":"2021-08-09T17:01:49","modified_gmt":"2021-08-09T16:01:49","slug":"tapco-max-i-mum","status":"publish","type":"product","link":"https:\/\/arcanaluminium.com\/en\/product\/tapco-max-i-mum\/","title":{"rendered":"Tapco Max-I-Mum"},"content":{"rendered":"<p>[et_pb_section fb_built=&#8221;1&#8243; disabled_on=&#8221;on|on|on&#8221; _builder_version=&#8221;4.8.2&#8243; custom_padding=&#8221;0px||||false|false&#8221; disabled=&#8221;on&#8221;][et_pb_row _builder_version=&#8221;3.25&#8243; background_size=&#8221;initial&#8221; background_position=&#8221;top_left&#8221; background_repeat=&#8221;repeat&#8221; width=&#8221;100%&#8221; custom_padding=&#8221;0px||0px||false|false&#8221;][et_pb_column type=&#8221;4_4&#8243; _builder_version=&#8221;3.25&#8243; custom_padding=&#8221;|||&#8221; custom_padding__hover=&#8221;|||&#8221;][et_pb_wc_breadcrumb _builder_version=&#8221;3.0.47&#8243;][\/et_pb_wc_breadcrumb][et_pb_wc_cart_notice _builder_version=&#8221;3.0.47&#8243;][\/et_pb_wc_cart_notice][\/et_pb_column][\/et_pb_row][et_pb_row column_structure=&#8221;1_2,1_2&#8243; _builder_version=&#8221;3.25&#8243; background_size=&#8221;initial&#8221; background_position=&#8221;top_left&#8221; background_repeat=&#8221;repeat&#8221; width=&#8221;100%&#8221; custom_padding=&#8221;0px||||false|false&#8221;][et_pb_column type=&#8221;1_2&#8243; _builder_version=&#8221;3.25&#8243; custom_padding=&#8221;|||&#8221; custom_padding__hover=&#8221;|||&#8221;][et_pb_wc_images _builder_version=&#8221;3.0.47&#8243;][\/et_pb_wc_images][\/et_pb_column][et_pb_column type=&#8221;1_2&#8243; _builder_version=&#8221;3.25&#8243; custom_padding=&#8221;|||&#8221; custom_padding__hover=&#8221;|||&#8221;][et_pb_wc_title _builder_version=&#8221;3.0.47&#8243;][\/et_pb_wc_title][et_pb_wc_rating _builder_version=&#8221;3.0.47&#8243;][\/et_pb_wc_rating][et_pb_wc_price _builder_version=&#8221;3.0.47&#8243;][\/et_pb_wc_price][et_pb_wc_description _builder_version=&#8221;3.0.47&#8243;][\/et_pb_wc_description][et_pb_wc_add_to_cart _builder_version=&#8221;3.0.47&#8243;][\/et_pb_wc_add_to_cart][et_pb_wc_meta _builder_version=&#8221;3.0.47&#8243;][\/et_pb_wc_meta][\/et_pb_column][\/et_pb_row][et_pb_row _builder_version=&#8221;3.25&#8243; background_size=&#8221;initial&#8221; background_position=&#8221;top_left&#8221; background_repeat=&#8221;repeat&#8221; width=&#8221;100%&#8221;][et_pb_column type=&#8221;4_4&#8243; _builder_version=&#8221;3.25&#8243; custom_padding=&#8221;|||&#8221; custom_padding__hover=&#8221;|||&#8221;][et_pb_wc_tabs _builder_version=&#8221;3.0.47&#8243;]\t\t\t\t\t[\/et_pb_wc_tabs][et_pb_wc_upsells _builder_version=&#8221;3.0.47&#8243;][\/et_pb_wc_upsells][et_pb_wc_related_products _builder_version=&#8221;3.0.47&#8243;][\/et_pb_wc_related_products][\/et_pb_column][\/et_pb_row][\/et_pb_section][et_pb_section fb_built=&#8221;1&#8243; fullwidth=&#8221;on&#8221; _builder_version=&#8221;3.22&#8243;][et_pb_fullwidth_header title=&#8221;Tapco Max-I-Mum&#8221; text_orientation=&#8221;center&#8221; header_scroll_down=&#8221;on&#8221; scroll_down_icon=&#8221;%%0%%&#8221; background_overlay_color=&#8221;rgba(51,51,51,0.4)&#8221; _builder_version=&#8221;4.8.2&#8243; background_color=&#8221;rgba(255, 255, 255, 0)&#8221; background_image=&#8221;https:\/\/arcanaluminium.com\/wp-content\/uploads\/2013\/04\/Photo-le-2021-06-19-a\u0300-11.43-2.jpg&#8221; custom_css_title=&#8221;margin-top:200px;&#8221; button_one_text_size__hover_enabled=&#8221;off&#8221; button_two_text_size__hover_enabled=&#8221;off&#8221; button_one_text_color__hover_enabled=&#8221;off&#8221; button_two_text_color__hover_enabled=&#8221;off&#8221; button_one_border_width__hover_enabled=&#8221;off&#8221; button_two_border_width__hover_enabled=&#8221;off&#8221; button_one_border_color__hover_enabled=&#8221;off&#8221; button_two_border_color__hover_enabled=&#8221;off&#8221; button_one_border_radius__hover_enabled=&#8221;off&#8221; button_two_border_radius__hover_enabled=&#8221;off&#8221; button_one_letter_spacing__hover_enabled=&#8221;off&#8221; button_two_letter_spacing__hover_enabled=&#8221;off&#8221; button_one_bg_color__hover_enabled=&#8221;off&#8221; button_two_bg_color__hover_enabled=&#8221;off&#8221;][\/et_pb_fullwidth_header][\/et_pb_section][et_pb_section fb_built=&#8221;1&#8243; _builder_version=&#8221;3.22&#8243;][et_pb_row column_structure=&#8221;1_3,2_3&#8243; _builder_version=&#8221;3.25&#8243; background_size=&#8221;initial&#8221; background_position=&#8221;top_left&#8221; background_repeat=&#8221;repeat&#8221;][et_pb_column type=&#8221;1_3&#8243; _builder_version=&#8221;3.25&#8243; custom_padding=&#8221;|||&#8221; custom_padding__hover=&#8221;|||&#8221;][et_pb_image src=&#8221;https:\/\/arcanaluminium.com\/wp-content\/uploads\/2013\/04\/MAXXL-w450.jpg&#8221; alt=&#8221;Tapco Max-I-Mum&#8221; title_text=&#8221;Tapco Max-I-Mum &#8221; align=&#8221;center&#8221; align_tablet=&#8221;center&#8221; align_phone=&#8221;&#8221; align_last_edited=&#8221;on|desktop&#8221; _builder_version=&#8221;4.8.2&#8243; width_tablet=&#8221;55%&#8221; width_phone=&#8221;100%&#8221; width_last_edited=&#8221;on|tablet&#8221; module_alignment_tablet=&#8221;left&#8221; module_alignment_phone=&#8221;&#8221; module_alignment_last_edited=&#8221;on|tablet&#8221; always_center_on_mobile=&#8221;on&#8221;][\/et_pb_image][\/et_pb_column][et_pb_column type=&#8221;2_3&#8243; _builder_version=&#8221;3.25&#8243; custom_padding=&#8221;|||&#8221; custom_padding__hover=&#8221;|||&#8221;][et_pb_text _builder_version=&#8221;4.8.2&#8243; ul_line_height=&#8221;2em&#8221; hover_enabled=&#8221;0&#8243; sticky_enabled=&#8221;0&#8243;]<\/p>\n<h2>The Tapco Maximum (XL) Brake bends aluminum, steel and copper<\/h2>\n<p><span style=\"font-weight: 400;\">The MAX-I-MUM XL System combines the MAX-I-MUM II brake with a MAX Snap Stand and MAX Cut-off for a powerful-yet-portable commercial-grade braking system suitable for the jobsite or the shop. The system weighs as little as 133 lbs., but can easily handle thick metals, including 24-gauge galvanized and stainless steel, .040 aluminum and 32-oz. soft and annealed copper.<\/span><\/p>\n<p>&nbsp;<\/p>\n<ul>\n<li>The system includes :\n<ul>\n<li>the Maximum commercial folding machine,<\/li>\n<li>a Max Snap Stand<\/li>\n<li>and an adjustable MAX Cut-Off.<\/li>\n<\/ul>\n<\/li>\n<li>Superior bending capacity<\/li>\n<\/ul>\n<p>[\/et_pb_text][\/et_pb_column][\/et_pb_row][\/et_pb_section][et_pb_section fb_built=&#8221;1&#8243; _builder_version=&#8221;3.22&#8243; background_color=&#8221;#f7f7f7&#8243;][et_pb_row column_structure=&#8221;1_3,2_3&#8243; _builder_version=&#8221;4.8.2&#8243; background_size=&#8221;initial&#8221; background_position=&#8221;top_left&#8221; background_repeat=&#8221;repeat&#8221;][et_pb_column type=&#8221;1_3&#8243; _builder_version=&#8221;4.8.2&#8243; _module_preset=&#8221;default&#8221;][et_pb_image src=&#8221;https:\/\/arcanaluminium.com\/wp-content\/uploads\/2013\/04\/adjustable_max_cutoff-removebg-preview.png&#8221; alt=&#8221;max cutoff&#8221; title_text=&#8221;adjustable_max_cutoff-removebg-preview&#8221; _builder_version=&#8221;4.8.2&#8243; _module_preset=&#8221;default&#8221; width_tablet=&#8221;40%&#8221; width_phone=&#8221;70%&#8221; width_last_edited=&#8221;on|tablet&#8221; module_alignment_tablet=&#8221;left&#8221; module_alignment_phone=&#8221;center&#8221; module_alignment_last_edited=&#8221;on|tablet&#8221;][\/et_pb_image][\/et_pb_column][et_pb_column type=&#8221;2_3&#8243; _builder_version=&#8221;3.25&#8243; custom_padding=&#8221;|||&#8221; custom_padding__hover=&#8221;|||&#8221;][et_pb_text _builder_version=&#8221;4.8.2&#8243; ul_line_height=&#8221;2em&#8221;]<\/p>\n<h2>Tool features<\/h2>\n<ul>\n<li><span style=\"font-weight: 400;\"> Full portability; easy single-person transport<\/span><\/li>\n<li><span style=\"font-weight: 400;\"> Lengths of 8&#8242; 6&#8243;, 10&#8242; 6&#8243;, 12&#8242; 6&#8243;, 14&#8242; 6&#8243;<\/span><\/li>\n<li><span style=\"font-weight: 400;\"> Weight: 8&#8242; 6&#8243; brake, 133 lbs; 10&#8242; 6&#8243; brake, 158 lbs; 12&#8242; 6&#8243; brake, 190 lbs; 14&#8242; 6&#8243; brake 217 lbs.<\/span><\/li>\n<li><span style=\"font-weight: 400;\"> Throat Depth: 19&#8243;<\/span><\/li>\n<li><span style=\"font-weight: 400;\"> Mouth Opening: 2-3\/8&#8243;<\/span><\/li>\n<li><span style=\"font-weight: 400;\"> Adjustable MAX Cut-Off capacities: Aluminum up to .040; galvanized steel up to 24 ga; soft copper up to 32 oz; stainless steel up to 24 ga.<\/span><\/li>\n<\/ul>\n<p>&nbsp;<\/p>\n<p>Rugged, guaranteed, assembled and ready to go!<\/p>\n<p><a href=\"https:\/\/arcanaluminium.com\/en\/une-plieuse-tapco-un-gage-de-qualite\/\">Tapco brake, quality garanteed!<\/a><\/p>\n<p>[\/et_pb_text][\/et_pb_column][\/et_pb_row][\/et_pb_section][et_pb_section fb_built=&#8221;1&#8243; _builder_version=&#8221;3.22&#8243;][et_pb_row _builder_version=&#8221;4.8.2&#8243; background_size=&#8221;initial&#8221; background_position=&#8221;top_left&#8221; background_repeat=&#8221;repeat&#8221;][et_pb_column type=&#8221;4_4&#8243; _builder_version=&#8221;3.25&#8243; custom_padding=&#8221;|||&#8221; custom_padding__hover=&#8221;|||&#8221;][et_pb_text _builder_version=&#8221;4.8.2&#8243; ul_line_height=&#8221;2em&#8221; hover_enabled=&#8221;0&#8243; sticky_enabled=&#8221;0&#8243;]<\/p>\n<h2>Bending capacities<\/h2>\n<ul>\n<li>All Vinyl<\/li>\n<li>Soft\u00a0<a href=\"https:\/\/arcanaluminium.com\/en\/product-category\/aluminum\/\">Aluminum<\/a>\u00a0up to .040<\/li>\n<li>Galvanized &amp; Sheet\u00a0<a href=\"https:\/\/arcanaluminium.com\/en\/product-category\/steel\/\">Steel <\/a>up to 24 ga.<\/li>\n<li>Soft &amp; Annealed\u00a0<a href=\"https:\/\/arcanaluminium.com\/en\/product-category\/copper\/\">Copper <\/a>up to 32 oz.<\/li>\n<li>Stainless Steel, 1\/2 hard up to 26 ga.<\/li>\n<\/ul>\n<p>&nbsp;<\/p>\n<h3>We offer repair and maintenance services on Tapco siding brakes.<\/h3>\n<p>[\/et_pb_text][\/et_pb_column][\/et_pb_row][\/et_pb_section][et_pb_section fb_built=&#8221;1&#8243; _builder_version=&#8221;3.22&#8243; background_color=&#8221;#f7f7f7&#8243;][et_pb_row _builder_version=&#8221;4.8.2&#8243; background_size=&#8221;initial&#8221; background_position=&#8221;top_left&#8221; background_repeat=&#8221;repeat&#8221;][et_pb_column type=&#8221;4_4&#8243; _builder_version=&#8221;3.25&#8243; custom_padding=&#8221;|||&#8221; custom_padding__hover=&#8221;|||&#8221;][et_pb_wc_upsells _builder_version=&#8221;4.8.2&#8243; _module_preset=&#8221;default&#8221;][\/et_pb_wc_upsells][\/et_pb_column][\/et_pb_row][\/et_pb_section]<\/p>\n","protected":false},"excerpt":{"rendered":"<p>The Tapco Maximum (XL) Brake bends aluminum, steel and copper The MAX-I-MUM XL System combines the MAX-I-MUM II brake with a MAX Snap Stand and MAX Cut-off for a powerful-yet-portable commercial-grade braking system suitable for the jobsite or the shop. The system weighs as little as 133 lbs., but can easily handle thick metals, including [&hellip;]<\/p>\n","protected":false},"featured_media":5596,"template":"","meta":{"_et_pb_use_builder":"on","_et_pb_old_content":"La Plieuse Tapco Maximum (XL) plie\u00a0<a title=\"rouleau aluminium \" href=\"https:\/\/arcanaluminium.com\/categorie-produit\/aluminium\/\">l'aluminium<\/a>, <a title=\"feuille acier\" href=\"https:\/\/arcanaluminium.com\/categorie-produit\/acier\/\">l'acier<\/a> et le <a title=\"rouleau cuivre\" href=\"https:\/\/arcanaluminium.com\/categorie-produit\/cuivre\/\">cuivre<\/a>.\r\nRobuste, garantie, assembl\u00e9e et pr\u00eate au travail!\r\n<a href=\"https:\/\/arcanaluminium.com\/une-plieuse-tapco-un-gage-de-qualite\/\">Une plieuse Tapco, un gage de qualit\u00e9!<\/a>\r\n\r\n<span style=\"font-family: verdana,arial,helvetica,sans-serif\">* Le syst\u00e8me inclus la plieuse commerciale Maximum, le support\r\net un MAX Cut-Off ajustable.\r\n* Capacit\u00e9 de pliage sup\u00e9rieure\r\no Moulage en coquille (Die castings) avec arr\u00eates renforc\u00e9es pour r\u00e9duire la d\u00e9viation et augmenter l'efficacit\u00e9 du pliage.\r\no Bras pivotant Double-mur donne de la force suppl\u00e9mentaire\r\no Le syst\u00e8me r\u00e9volutionnaire de charni\u00e8res mobiles augmente la capacit\u00e9 de pliage\r\nsans endommager les mat\u00e9riaux. Glisse pour entretien facile.\r\no Poign\u00e9e ergonomique qui procure un meilleur levier\r\no \u00c9paisseur de la gorge: 19\"<\/span>\r\n<p align=\"left\"><span style=\"font-family: verdana,arial,helvetica,sans-serif\">* Stabilit\u00e9 totale<\/span><\/p>\r\n<p align=\"left\"><span style=\"font-family: verdana,arial,helvetica,sans-serif\"> o Le support procure une stabilit\u00e9 totale par son design en trap\u00e8ze\r\no Une surface plus large procure plus de stabilit\u00e9 lors du pliage.<\/span><\/p>\r\nCapacit\u00e9 de pliage:\r\nTout vinyle\r\nFeuilles d'aluminum jusqu'\u00e0 .040\r\nAcier galvanis\u00e9 jusqu'\u00e0 24 ga.\r\nFeuilles CR &amp; rouleaux jusqu'\u00e0 24 ga.\r\nCuivre souple jusqu'\u00e0 32 oz.\r\nAcier inoxydable, \u00bd dur \u00a0jusqu'\u00e0 26 ga.\r\n\r\n<span style=\"font-family: verdana,arial,helvetica,sans-serif\"><strong>Nous faisons aussi l'entretien et la r\u00e9paration de plieuses<\/strong><\/span>","_et_gb_content_width":""},"product_brand":[],"product_cat":[118,1209],"product_tag":[4101,4100,4099,4098,4097,4096],"class_list":{"0":"post-1953","1":"product","2":"type-product","3":"status-publish","4":"has-post-thumbnail","6":"product_cat-siding-brakes","7":"product_cat-siding-brakes-en","8":"product_tag-aluminum-siding-brake","9":"product_tag-brake-10","10":"product_tag-commercial-siding-brake","11":"product_tag-maximum-siding-brake","12":"product_tag-steel-siding-brake","13":"product_tag-tapco-siding-brake","15":"first","16":"instock","17":"shipping-taxable","18":"product-type-simple"},"_links":{"self":[{"href":"https:\/\/arcanaluminium.com\/en\/wp-json\/wp\/v2\/product\/1953","targetHints":{"allow":["GET"]}}],"collection":[{"href":"https:\/\/arcanaluminium.com\/en\/wp-json\/wp\/v2\/product"}],"about":[{"href":"https:\/\/arcanaluminium.com\/en\/wp-json\/wp\/v2\/types\/product"}],"wp:featuredmedia":[{"embeddable":true,"href":"https:\/\/arcanaluminium.com\/en\/wp-json\/wp\/v2\/media\/5596"}],"wp:attachment":[{"href":"https:\/\/arcanaluminium.com\/en\/wp-json\/wp\/v2\/media?parent=1953"}],"wp:term":[{"taxonomy":"product_brand","embeddable":true,"href":"https:\/\/arcanaluminium.com\/en\/wp-json\/wp\/v2\/product_brand?post=1953"},{"taxonomy":"product_cat","embeddable":true,"href":"https:\/\/arcanaluminium.com\/en\/wp-json\/wp\/v2\/product_cat?post=1953"},{"taxonomy":"product_tag","embeddable":true,"href":"https:\/\/arcanaluminium.com\/en\/wp-json\/wp\/v2\/product_tag?post=1953"}],"curies":[{"name":"wp","href":"https:\/\/api.w.org\/{rel}","templated":true}]}}