{"id":1888,"date":"2013-03-29T18:48:47","date_gmt":"2013-03-29T17:48:47","guid":{"rendered":"https:\/\/lavender-worm-928489.hostingersite.com\/product\/gouttieres-de-cuivre-2\/"},"modified":"2024-03-28T22:33:30","modified_gmt":"2024-03-28T21:33:30","slug":"copper-gutters","status":"publish","type":"product","link":"https:\/\/arcanaluminium.com\/en\/product\/copper-gutters\/","title":{"rendered":"Copper Gutters"},"content":{"rendered":"<p>[et_pb_section fb_built=&#8221;1&#8243; fullwidth=&#8221;on&#8221; _builder_version=&#8221;4.17.6&#8243; locked=&#8221;off&#8221; collapsed=&#8221;off&#8221; global_colors_info=&#8221;{}&#8221;][et_pb_fullwidth_header title=&#8221;Copper Gutters Without Joints&#8221; text_orientation=&#8221;center&#8221; header_scroll_down=&#8221;on&#8221; scroll_down_icon=&#8221;%%0%%&#8221; background_overlay_color=&#8221;rgba(51,51,51,0.4)&#8221; _builder_version=&#8221;4.22.1&#8243; background_color=&#8221;#FFFFFF&#8221; use_background_color_gradient=&#8221;on&#8221; background_color_gradient_stops=&#8221;#000000 0%|#0c71c3 100%&#8221; background_color_gradient_start=&#8221;#000000&#8243; background_color_gradient_end=&#8221;#0c71c3&#8243; hover_enabled=&#8221;0&#8243; custom_css_title=&#8221;margin-top:200px;&#8221; global_colors_info=&#8221;{}&#8221; button_one_text_size__hover_enabled=&#8221;off&#8221; button_two_text_size__hover_enabled=&#8221;off&#8221; button_one_text_color__hover_enabled=&#8221;off&#8221; button_two_text_color__hover_enabled=&#8221;off&#8221; button_one_border_width__hover_enabled=&#8221;off&#8221; button_two_border_width__hover_enabled=&#8221;off&#8221; button_one_border_color__hover_enabled=&#8221;off&#8221; button_two_border_color__hover_enabled=&#8221;off&#8221; button_one_border_radius__hover_enabled=&#8221;off&#8221; button_two_border_radius__hover_enabled=&#8221;off&#8221; button_one_letter_spacing__hover_enabled=&#8221;off&#8221; button_two_letter_spacing__hover_enabled=&#8221;off&#8221; button_one_bg_color__hover_enabled=&#8221;off&#8221; button_two_bg_color__hover_enabled=&#8221;off&#8221; background_enable_image=&#8221;off&#8221; sticky_enabled=&#8221;0&#8243;][\/et_pb_fullwidth_header][\/et_pb_section][et_pb_section fb_built=&#8221;1&#8243; _builder_version=&#8221;4.16&#8243; custom_padding=&#8221;||0px||false|false&#8221; locked=&#8221;off&#8221; global_colors_info=&#8221;{}&#8221;][et_pb_row column_structure=&#8221;1_3,2_3&#8243; _builder_version=&#8221;4.16&#8243; background_size=&#8221;initial&#8221; background_position=&#8221;top_left&#8221; background_repeat=&#8221;repeat&#8221; global_colors_info=&#8221;{}&#8221;][et_pb_column type=&#8221;1_3&#8243; _builder_version=&#8221;4.16&#8243; custom_padding=&#8221;|||&#8221; global_colors_info=&#8221;{}&#8221; custom_padding__hover=&#8221;|||&#8221;][et_pb_image src=&#8221;https:\/\/arcanaluminium.com\/wp-content\/uploads\/2020\/04\/copper-gutters-square.jpg&#8221; alt=&#8221;aluminum sheets&#8221; title_text=&#8221;copper-gutters-square&#8221; _builder_version=&#8221;4.22.1&#8243; _module_preset=&#8221;default&#8221; global_colors_info=&#8221;{}&#8221;][\/et_pb_image][\/et_pb_column][et_pb_column type=&#8221;2_3&#8243; _builder_version=&#8221;4.16&#8243; custom_padding=&#8221;|||&#8221; global_colors_info=&#8221;{}&#8221; custom_padding__hover=&#8221;|||&#8221;][et_pb_text _builder_version=&#8221;4.22.1&#8243; ul_line_height=&#8221;1.8em&#8221; header_2_line_height=&#8221;1.2em&#8221; custom_padding=&#8221;||||false|false&#8221; custom_padding_tablet=&#8221;|0px|||false|false&#8221; custom_padding_last_edited=&#8221;off|desktop&#8221; global_colors_info=&#8221;{}&#8221;]<\/p>\n<h2>Our durable, long-lasting copper rain gutters and eavestrough are used as drainage systems for building roofs<\/h2>\n<p><span style=\"font-weight: 400;\">Our copper gutters come complete with all required eavestrough, elbows, downspouts and accessories including nails and brackets. They offer both exceptional functionality and attractive aesthetics, making them a popular choice for many building owners looking to invest in durable, high-end drainage solutions. All our gutters can be manufactured to the length of your choice, without joints. Ex: 20\u2032, 30\u2032, 40\u2032 etc. <\/span>In addition to copper gutters, we also offer <a href=\"https:\/\/arcanaluminium.com\/en\/product\/rainware-and-accessoires\/\">aluminum gutters<\/a>, as well as all necessary accessories.\u00a0<\/p>\n<p><span style=\"font-weight: 400;\">Learn more about this product on our <\/span><a href=\"https:\/\/arcanaluminium.com\/en\/faq\/\"><span style=\"font-weight: 400;\">FAQ page<\/span><\/a><span style=\"font-weight: 400;\">!<\/span><\/p>\n<p>[\/et_pb_text][\/et_pb_column][\/et_pb_row][\/et_pb_section][et_pb_section fb_built=&#8221;1&#8243; _builder_version=&#8221;4.16&#8243; background_color=&#8221;#f7f7f7&#8243; locked=&#8221;off&#8221; global_colors_info=&#8221;{}&#8221;][et_pb_row _builder_version=&#8221;4.22.1&#8243; background_size=&#8221;initial&#8221; background_position=&#8221;top_left&#8221; background_repeat=&#8221;repeat&#8221; global_colors_info=&#8221;{}&#8221;][et_pb_column type=&#8221;4_4&#8243; _builder_version=&#8221;4.16&#8243; custom_padding=&#8221;|||&#8221; global_colors_info=&#8221;{}&#8221; custom_padding__hover=&#8221;|||&#8221;][et_pb_text _builder_version=&#8221;4.22.1&#8243; text_text_color=&#8221;#000000&#8243; text_font_size=&#8221;18px&#8221; header_2_font=&#8221;|700||on|||||&#8221; header_2_line_height=&#8221;1.2em&#8221; background_color=&#8221;RGBA(255,255,255,0)&#8221; text_orientation=&#8221;center&#8221; custom_margin=&#8221;||20px||false|false&#8221; custom_margin_tablet=&#8221;||30px||false|false&#8221; custom_margin_phone=&#8221;10px||25px||false|false&#8221; custom_margin_last_edited=&#8221;on|phone&#8221; custom_padding=&#8221;||||false|false&#8221; text_font_size_tablet=&#8221;&#8221; text_font_size_phone=&#8221;20px&#8221; text_font_size_last_edited=&#8221;on|phone&#8221; text_line_height_tablet=&#8221;&#8221; text_line_height_phone=&#8221;1.4em&#8221; text_line_height_last_edited=&#8221;on|phone&#8221; global_colors_info=&#8221;{}&#8221;]<\/p>\n<h2>What are the advantages of installing seamless copper gutters?<\/h2>\n<p><span style=\"font-weight: 400;\">In addition to <\/span><a href=\"https:\/\/arcanaluminium.com\/en\/product\/rainware-and-accessoires\/\"><span style=\"font-weight: 400;\">aluminum gutters<\/span><\/a><span style=\"font-weight: 400;\">, Arcan Aluminium offers a selection of seamless copper gutters. Seamless copper gutters offer several advantages, starting with the elimination of joints, which are often weak points in gutter systems, where leaks can occur over time. With no joints, there&#8217;s less risk of water leakage over time, which can help prevent potential damage caused by water infiltration, such as wood rot or structural damage. Seamless copper gutters also require less maintenance over time.<\/span><\/p>\n<p>[\/et_pb_text][\/et_pb_column][\/et_pb_row][\/et_pb_section][et_pb_section fb_built=&#8221;1&#8243; _builder_version=&#8221;4.16&#8243; custom_padding=&#8221;||0px||false|false&#8221; locked=&#8221;off&#8221; global_colors_info=&#8221;{}&#8221;][et_pb_row _builder_version=&#8221;4.16&#8243; background_size=&#8221;initial&#8221; background_position=&#8221;top_left&#8221; background_repeat=&#8221;repeat&#8221; global_colors_info=&#8221;{}&#8221;][et_pb_column type=&#8221;4_4&#8243; _builder_version=&#8221;4.16&#8243; custom_padding=&#8221;|||&#8221; global_colors_info=&#8221;{}&#8221; custom_padding__hover=&#8221;|||&#8221;][et_pb_text _builder_version=&#8221;4.22.1&#8243; ul_line_height=&#8221;1.8em&#8221; header_2_line_height=&#8221;1.2em&#8221; custom_padding=&#8221;||||false|false&#8221; custom_padding_tablet=&#8221;|0px|||false|false&#8221; custom_padding_last_edited=&#8221;off|desktop&#8221; global_colors_info=&#8221;{}&#8221;]<\/p>\n<h2>What is the price of a copper rain gutter system?<\/h2>\n<p><span style=\"font-weight: 400;\">Prices are based on linear length. Additional charges for necessary accessories such as elbows, clamps, screws, fasteners, etc., are added to this basic price. To simplify the installation process, we offer the option of custom-cutting your gutters to your specific requirements.<\/span><\/p>\n<p><span style=\"font-weight: 400;\">Costs may vary from project to project, but you can make significant savings by installing your eavestroughs yourself. If you prefer to call on a professional for installation, we can help you find a qualified and reliable installer in your area.<\/span><\/p>\n<p>[\/et_pb_text][\/et_pb_column][\/et_pb_row][\/et_pb_section][et_pb_section fb_built=&#8221;1&#8243; _builder_version=&#8221;4.16&#8243; custom_padding=&#8221;||0px||false|false&#8221; locked=&#8221;off&#8221; global_colors_info=&#8221;{}&#8221;][et_pb_row _builder_version=&#8221;4.22.1&#8243; background_size=&#8221;initial&#8221; background_position=&#8221;top_left&#8221; background_repeat=&#8221;repeat&#8221; global_colors_info=&#8221;{}&#8221;][et_pb_column type=&#8221;4_4&#8243; _builder_version=&#8221;4.16&#8243; custom_padding=&#8221;|||&#8221; global_colors_info=&#8221;{}&#8221; custom_padding__hover=&#8221;|||&#8221;][et_pb_text _builder_version=&#8221;4.22.1&#8243; ul_line_height=&#8221;1.8em&#8221; header_2_line_height=&#8221;1.2em&#8221; custom_padding=&#8221;||||false|false&#8221; custom_padding_tablet=&#8221;|0px|||false|false&#8221; custom_padding_last_edited=&#8221;off|desktop&#8221; global_colors_info=&#8221;{}&#8221;]<\/p>\n<h2>Should you install your copper gutters by yourself or should ask a professional?\u00a0<\/h2>\n<p><span style=\"font-weight: 400;\">At Arcan Aluminium, we have all the accessories you need to install your eavestroughs and <\/span><a href=\"https:\/\/arcanaluminium.com\/en\/product\/shurflo-gutter-protection-system\/\"><span style=\"font-weight: 400;\">gutter guards<\/span><\/a><span style=\"font-weight: 400;\"> on your own, allowing you to complete your project successfully. With over 50 years&#8217; experience in eavestrough installation, we can share our expertise with you, so you can install your own eavestroughs with complete confidence.<\/span><\/p>\n<p>[\/et_pb_text][\/et_pb_column][\/et_pb_row][\/et_pb_section][et_pb_section fb_built=&#8221;1&#8243; _builder_version=&#8221;4.16&#8243; custom_padding=&#8221;0px||||false|false&#8221; global_colors_info=&#8221;{}&#8221;][et_pb_row _builder_version=&#8221;4.16&#8243; background_size=&#8221;initial&#8221; background_position=&#8221;top_left&#8221; background_repeat=&#8221;repeat&#8221; width=&#8221;100%&#8221; global_colors_info=&#8221;{}&#8221;][et_pb_column type=&#8221;4_4&#8243; _builder_version=&#8221;4.16&#8243; custom_padding=&#8221;|||&#8221; global_colors_info=&#8221;{}&#8221; custom_padding__hover=&#8221;|||&#8221;][et_pb_wc_related_products _builder_version=&#8221;4.16&#8243; global_colors_info=&#8221;{}&#8221;][\/et_pb_wc_related_products][\/et_pb_column][\/et_pb_row][\/et_pb_section]<\/p>\n","protected":false},"excerpt":{"rendered":"<p>Our durable, long-lasting copper rain gutters and eavestrough are used as drainage systems for building roofs Our copper gutters come complete with all required eavestrough, elbows, downspouts and accessories including nails and brackets. They offer both exceptional functionality and attractive aesthetics, making them a popular choice for many building owners looking to invest in durable, [&hellip;]<\/p>\n","protected":false},"featured_media":3690,"template":"","meta":{"_et_pb_use_builder":"on","_et_pb_old_content":"Goutti\u00e8res de cuivre. Goutti\u00e8res sans joints.\u00a0Goutti\u00e8res Montr\u00e9al.\r\n\r\nNous fabriquons des goutti\u00e8res de cuivre avec tous les coudes, tuyaux et accessoires requis ainsi que les clous et les attaches. Goutti\u00e8res sans joints.\r\nToutes les goutti\u00e8res peuvent \u00eatre fabriqu\u00e9es \u00e0 la longueur de votre choix, sans joints. Ex: 20', 30', 40' etc..\r\n\r\nVoyez tous nos <a href=\"https:\/\/arcanaluminium.com\/produit\/gouttieres-et-accessoires\/\">accessoires pour Goutti\u00e8res.<\/a>","_et_gb_content_width":""},"product_brand":[],"product_cat":[105,107,2320],"product_tag":[4171,4172,4173,4174,4175,4176,4177,4178,4179],"class_list":{"0":"post-1888","1":"product","2":"type-product","3":"status-publish","4":"has-post-thumbnail","6":"product_cat-copper","7":"product_cat-copper-gutters","8":"product_cat-gutters","9":"product_tag-accessoires-de-gouttieres-en-cuivre-en","10":"product_tag-coudes-en-cuivre-en","11":"product_tag-descentes-de-gouttieres-en-cuivre-en","12":"product_tag-gouttiere-sans-joint-en","13":"product_tag-gouttieres-cuivre-en","14":"product_tag-gouttieres-en-cuivre-en","15":"product_tag-gouttieres-laval-en","16":"product_tag-gouttieres-montreal-en","17":"product_tag-gouttieres-sans-joints-en","19":"first","20":"instock","21":"shipping-taxable","22":"product-type-simple"},"_links":{"self":[{"href":"https:\/\/arcanaluminium.com\/en\/wp-json\/wp\/v2\/product\/1888","targetHints":{"allow":["GET"]}}],"collection":[{"href":"https:\/\/arcanaluminium.com\/en\/wp-json\/wp\/v2\/product"}],"about":[{"href":"https:\/\/arcanaluminium.com\/en\/wp-json\/wp\/v2\/types\/product"}],"wp:featuredmedia":[{"embeddable":true,"href":"https:\/\/arcanaluminium.com\/en\/wp-json\/wp\/v2\/media\/3690"}],"wp:attachment":[{"href":"https:\/\/arcanaluminium.com\/en\/wp-json\/wp\/v2\/media?parent=1888"}],"wp:term":[{"taxonomy":"product_brand","embeddable":true,"href":"https:\/\/arcanaluminium.com\/en\/wp-json\/wp\/v2\/product_brand?post=1888"},{"taxonomy":"product_cat","embeddable":true,"href":"https:\/\/arcanaluminium.com\/en\/wp-json\/wp\/v2\/product_cat?post=1888"},{"taxonomy":"product_tag","embeddable":true,"href":"https:\/\/arcanaluminium.com\/en\/wp-json\/wp\/v2\/product_tag?post=1888"}],"curies":[{"name":"wp","href":"https:\/\/api.w.org\/{rel}","templated":true}]}}