{"id":1887,"date":"2013-03-29T18:51:00","date_gmt":"2013-03-29T17:51:00","guid":{"rendered":"https:\/\/lavender-worm-928489.hostingersite.com\/product\/feuilles-de-cuivre-2\/"},"modified":"2024-03-28T23:40:45","modified_gmt":"2024-03-28T22:40:45","slug":"copper-sheets","status":"publish","type":"product","link":"https:\/\/arcanaluminium.com\/en\/product\/copper-sheets\/","title":{"rendered":"Copper sheets"},"content":{"rendered":"<p>[et_pb_section fb_built=&#8221;1&#8243; fullwidth=&#8221;on&#8221; _builder_version=&#8221;4.22.1&#8243; locked=&#8221;off&#8221; collapsed=&#8221;off&#8221; global_colors_info=&#8221;{}&#8221;][et_pb_fullwidth_header title=&#8221;Copper Sheets and Lead Coated Copper Sheets&#8221; text_orientation=&#8221;center&#8221; header_scroll_down=&#8221;on&#8221; scroll_down_icon=&#8221;%%0%%&#8221; background_overlay_color=&#8221;rgba(51,51,51,0.4)&#8221; _builder_version=&#8221;4.22.1&#8243; background_color=&#8221;#FFFFFF&#8221; use_background_color_gradient=&#8221;on&#8221; background_color_gradient_stops=&#8221;#000000 0%|#0c71c3 100%&#8221; background_color_gradient_start=&#8221;#000000&#8243; background_color_gradient_end=&#8221;#0c71c3&#8243; background_image=&#8221;https:\/\/arcanaluminium.com\/wp-content\/uploads\/2024\/03\/3-scaled.jpg&#8221; custom_css_title=&#8221;margin-top:200px;&#8221; global_colors_info=&#8221;{}&#8221; button_one_text_size__hover_enabled=&#8221;off&#8221; button_two_text_size__hover_enabled=&#8221;off&#8221; button_one_text_color__hover_enabled=&#8221;off&#8221; button_two_text_color__hover_enabled=&#8221;off&#8221; button_one_border_width__hover_enabled=&#8221;off&#8221; button_two_border_width__hover_enabled=&#8221;off&#8221; button_one_border_color__hover_enabled=&#8221;off&#8221; button_two_border_color__hover_enabled=&#8221;off&#8221; button_one_border_radius__hover_enabled=&#8221;off&#8221; button_two_border_radius__hover_enabled=&#8221;off&#8221; button_one_letter_spacing__hover_enabled=&#8221;off&#8221; button_two_letter_spacing__hover_enabled=&#8221;off&#8221; button_one_bg_color__hover_enabled=&#8221;off&#8221; button_two_bg_color__hover_enabled=&#8221;off&#8221;][\/et_pb_fullwidth_header][\/et_pb_section][et_pb_section fb_built=&#8221;1&#8243; _builder_version=&#8221;4.22.1&#8243; custom_padding=&#8221;||0px||false|false&#8221; locked=&#8221;off&#8221; collapsed=&#8221;off&#8221; global_colors_info=&#8221;{}&#8221;][et_pb_row column_structure=&#8221;1_3,2_3&#8243; _builder_version=&#8221;4.16&#8243; background_size=&#8221;initial&#8221; background_position=&#8221;top_left&#8221; background_repeat=&#8221;repeat&#8221; global_colors_info=&#8221;{}&#8221;][et_pb_column type=&#8221;1_3&#8243; _builder_version=&#8221;4.16&#8243; custom_padding=&#8221;|||&#8221; global_colors_info=&#8221;{}&#8221; custom_padding__hover=&#8221;|||&#8221;][et_pb_image src=&#8221;https:\/\/arcanaluminium.com\/wp-content\/uploads\/2024\/03\/3-scaled.jpg&#8221; alt=&#8221;aluminum sheets&#8221; title_text=&#8221;3&#8243; admin_label=&#8221;Image&#8221; _builder_version=&#8221;4.22.1&#8243; _module_preset=&#8221;default&#8221; global_colors_info=&#8221;{}&#8221;][\/et_pb_image][\/et_pb_column][et_pb_column type=&#8221;2_3&#8243; _builder_version=&#8221;4.16&#8243; custom_padding=&#8221;|||&#8221; global_colors_info=&#8221;{}&#8221; custom_padding__hover=&#8221;|||&#8221;][et_pb_text _builder_version=&#8221;4.22.1&#8243; ul_line_height=&#8221;1.8em&#8221; header_2_line_height=&#8221;1.2em&#8221; custom_padding=&#8221;||||false|false&#8221; custom_padding_tablet=&#8221;|0px|||false|false&#8221; custom_padding_last_edited=&#8221;off|desktop&#8221; global_colors_info=&#8221;{}&#8221;]<\/p>\n<h2>Our copper sheets and lead coated copper sheets can be used for many applications<\/h2>\n<p><span style=\"font-weight: 400;\">Due to their superior conductive, thermal and structural properties, they are useful as electrical conductors, coatings and decorations, printed circuits or thermal conductors. At Arcan Aluminium, we stock a wide variety of copper and lead coated copper sheets. Sheet sizes are generally 3 ft x 8 ft, and thicknesses of 16 oz. and 20 oz. are available. We also offer <\/span><a href=\"https:\/\/arcanaluminium.com\/en\/product\/aluminum-sheets\/\"><span style=\"font-weight: 400;\">aluminum sheets<\/span><\/a><span style=\"font-weight: 400;\">, available in various lengths and widths. <\/span><\/p>\n<p><a href=\"https:\/\/arcanaluminium.com\/nous-joindre\/\"><span style=\"font-weight: 400;\">Contact us<\/span><\/a><span style=\"font-weight: 400;\"> to learn more about our copper sheet prices.<\/span><\/p>\n<p>[\/et_pb_text][\/et_pb_column][\/et_pb_row][\/et_pb_section][et_pb_section fb_built=&#8221;1&#8243; admin_label=&#8221;Section&#8221; _builder_version=&#8221;4.16&#8243; background_color=&#8221;#f7f7f7&#8243; locked=&#8221;off&#8221; collapsed=&#8221;off&#8221; global_colors_info=&#8221;{}&#8221;][et_pb_row column_structure=&#8221;2_5,3_5&#8243; _builder_version=&#8221;4.22.1&#8243; background_size=&#8221;initial&#8221; background_position=&#8221;top_left&#8221; background_repeat=&#8221;repeat&#8221; global_colors_info=&#8221;{}&#8221;][et_pb_column type=&#8221;2_5&#8243; _builder_version=&#8221;4.16&#8243; custom_padding=&#8221;|||&#8221; global_colors_info=&#8221;{}&#8221; custom_padding__hover=&#8221;|||&#8221;][et_pb_text _builder_version=&#8221;4.22.1&#8243; text_text_color=&#8221;#000000&#8243; text_font_size=&#8221;18px&#8221; header_2_font=&#8221;|700||on|||||&#8221; header_2_line_height=&#8221;1.2em&#8221; background_color=&#8221;RGBA(255,255,255,0)&#8221; text_orientation=&#8221;center&#8221; custom_margin=&#8221;||20px||false|false&#8221; custom_margin_tablet=&#8221;||30px||false|false&#8221; custom_margin_phone=&#8221;10px||25px||false|false&#8221; custom_margin_last_edited=&#8221;on|phone&#8221; custom_padding=&#8221;||||false|false&#8221; text_font_size_tablet=&#8221;&#8221; text_font_size_phone=&#8221;20px&#8221; text_font_size_last_edited=&#8221;on|phone&#8221; text_line_height_tablet=&#8221;&#8221; text_line_height_phone=&#8221;1.4em&#8221; text_line_height_last_edited=&#8221;on|phone&#8221; global_colors_info=&#8221;{}&#8221;]<\/p>\n<h2>What are the differences between copper sheets and lead coated copper sheets?<\/h2>\n<p><span style=\"font-weight: 400;\">The main difference lies in their surface coating: copper sheets are simply made of copper, while lead coated copper sheets are coated with a thin layer of lead to improve their corrosion protection properties and solderability.<\/span><\/p>\n<p>[\/et_pb_text][\/et_pb_column][et_pb_column type=&#8221;3_5&#8243; _builder_version=&#8221;4.16&#8243; custom_padding=&#8221;||||false|false&#8221; global_colors_info=&#8221;{}&#8221; custom_padding__hover=&#8221;|||&#8221;][et_pb_image src=&#8221;https:\/\/arcanaluminium.com\/wp-content\/uploads\/2024\/03\/2-scaled.jpg&#8221; alt=&#8221;aluminum sheets&#8221; title_text=&#8221;2&#8243; _builder_version=&#8221;4.22.1&#8243; _module_preset=&#8221;default&#8221; global_colors_info=&#8221;{}&#8221;][\/et_pb_image][\/et_pb_column][\/et_pb_row][\/et_pb_section][et_pb_section fb_built=&#8221;1&#8243; _builder_version=&#8221;4.16&#8243; custom_padding=&#8221;||0px||false|false&#8221; locked=&#8221;off&#8221; collapsed=&#8221;off&#8221; global_colors_info=&#8221;{}&#8221;][et_pb_row column_structure=&#8221;1_3,2_3&#8243; _builder_version=&#8221;4.16&#8243; background_size=&#8221;initial&#8221; background_position=&#8221;top_left&#8221; background_repeat=&#8221;repeat&#8221; global_colors_info=&#8221;{}&#8221;][et_pb_column type=&#8221;1_3&#8243; _builder_version=&#8221;4.16&#8243; custom_padding=&#8221;|||&#8221; global_colors_info=&#8221;{}&#8221; custom_padding__hover=&#8221;|||&#8221;][et_pb_image src=&#8221;https:\/\/arcanaluminium.com\/wp-content\/uploads\/2024\/03\/1-scaled.jpg&#8221; alt=&#8221;Aluminum Sheets&#8221; title_text=&#8221;1&#8243; align=&#8221;center&#8221; align_tablet=&#8221;center&#8221; align_phone=&#8221;&#8221; align_last_edited=&#8221;on|desktop&#8221; admin_label=&#8221;Image&#8221; _builder_version=&#8221;4.22.1&#8243; always_center_on_mobile=&#8221;on&#8221; global_colors_info=&#8221;{}&#8221;][\/et_pb_image][\/et_pb_column][et_pb_column type=&#8221;2_3&#8243; _builder_version=&#8221;4.16&#8243; custom_padding=&#8221;|||&#8221; global_colors_info=&#8221;{}&#8221; custom_padding__hover=&#8221;|||&#8221;][et_pb_text _builder_version=&#8221;4.22.1&#8243; ul_line_height=&#8221;1.8em&#8221; header_2_line_height=&#8221;1.2em&#8221; custom_padding=&#8221;||||false|false&#8221; custom_padding_tablet=&#8221;|0px|||false|false&#8221; custom_padding_last_edited=&#8221;off|desktop&#8221; global_colors_info=&#8221;{}&#8221;]<\/p>\n<h3>Copper sheets<\/h3>\n<p><span style=\"font-weight: 400;\">Copper sheets are generally made of pure copper or copper alloy. These sheets can be used in a variety of applications, including electronics, decoration, cooking, etc. Copper roofing is another coveted use for copper sheets.<\/span><\/p>\n<h3>Lead coated copper sheets<\/h3>\n<p><span style=\"font-weight: 400;\">Lead coated copper sheets are coated with a thin layer of lead. This lead coating offers several advantages, including improved corrosion resistance, better solderability and a more aesthetically pleasing silvery appearance. Lead coated copper sheets are commonly used in applications where additional protection against corrosion is required, such as marine applications, electrical equipment exposed to corrosive environments, etc. We carry 3&#215;8 16oz sheets.<\/span><\/p>\n<p><span style=\"font-weight: 400;\">Lead copper sheets take on shades of gray once the lead has been oxidized.<\/span><\/p>\n<p>[\/et_pb_text][\/et_pb_column][\/et_pb_row][\/et_pb_section][et_pb_section fb_built=&#8221;1&#8243; _builder_version=&#8221;4.16&#8243; custom_padding=&#8221;||0px||false|false&#8221; locked=&#8221;off&#8221; collapsed=&#8221;off&#8221; global_colors_info=&#8221;{}&#8221;][et_pb_row _builder_version=&#8221;4.22.1&#8243; background_size=&#8221;initial&#8221; background_position=&#8221;top_left&#8221; background_repeat=&#8221;repeat&#8221; global_colors_info=&#8221;{}&#8221;][et_pb_column type=&#8221;4_4&#8243; _builder_version=&#8221;4.16&#8243; custom_padding=&#8221;|||&#8221; global_colors_info=&#8221;{}&#8221; custom_padding__hover=&#8221;|||&#8221;][et_pb_text _builder_version=&#8221;4.22.1&#8243; ul_line_height=&#8221;1.8em&#8221; header_2_line_height=&#8221;1.2em&#8221; custom_padding=&#8221;||||false|false&#8221; custom_padding_tablet=&#8221;|0px|||false|false&#8221; custom_padding_last_edited=&#8221;off|desktop&#8221; global_colors_info=&#8221;{}&#8221;]<\/p>\n<h2>In what industrial applications are lead coated copper sheets preferred over untreated copper sheets?<\/h2>\n<p><span style=\"font-weight: 400;\">Oxidized copper sheets, often referred to as &#8220;patinated&#8221; or &#8220;weathered&#8221; copper, are preferred over untreated copper sheets in various industrial applications due to their unique aesthetic qualities and enhanced properties. Some common applications include <\/span><span style=\"font-weight: 400;\">architectural projects for roofing, cladding, and decorative elements, as the natural green or blue-green patina that develops over time gives buildings a distinctive, weathered appearance that is highly prized in both modern and historical architecture. It is also commonly used in interior, industrial and urban design, for various applications to add a touch of vintage charm to residential and commercial spaces. Overall, oxidized copper sheets offer a versatile and visually appealing alternative to untreated copper, making them a preferred choice across various industrial sectors where aesthetics, durability, and performance are essential considerations.<\/span><\/p>\n<p>&nbsp;<\/p>\n<p><span style=\"font-weight: 400;\">Read more information on all our products on our <\/span><a href=\"https:\/\/arcanaluminium.com\/en\/faq\/\"><span style=\"font-weight: 400;\">FAQ page<\/span><\/a><span style=\"font-weight: 400;\">.<\/span><\/p>\n<p><span style=\"font-weight: 400;\">Our copper sheets and lead coated\u00a0 copper sheets are available in stock at Arcan Aluminium. You can see below examples of copper sheets and oxidized copper sheets used in a variety for different projects.\u00a0<\/span><\/p>\n<p style=\"text-align: center;\">[\/et_pb_text][et_pb_wc_related_products include_categories=&#8221;106,103,95&#8243; _builder_version=&#8221;4.22.1&#8243; locked=&#8221;off&#8221; global_colors_info=&#8221;{}&#8221;][\/et_pb_wc_related_products][\/et_pb_column][\/et_pb_row][\/et_pb_section]<\/p>\n","protected":false},"excerpt":{"rendered":"<p>Our copper sheets and lead coated copper sheets can be used for many applications Due to their superior conductive, thermal and structural properties, they are useful as electrical conductors, coatings and decorations, printed circuits or thermal conductors. At Arcan Aluminium, we stock a wide variety of copper and lead coated copper sheets. Sheet sizes are [&hellip;]<\/p>\n","protected":false},"featured_media":3689,"template":"","meta":{"_et_pb_use_builder":"on","_et_pb_old_content":"Feuilles de cuivre et feuilles de cuivre \u00e9tam\u00e9\r\n\r\nNous d\u00e9tenons une grande vari\u00e9t\u00e9 de feuilles de cuivre en stock chez Arcan Aluminium. Les feuilles ont une dimension de 3 pieds par 8 pieds et deux \u00e9paisseurs de 16 oz et 20 oz sont offertes.\r\n\r\nNous avons des feuilles de cuivre ainsi que des feuilles de cuivre \u00e9tam\u00e9.\r\n\r\nLes feuilles de cuivre \u00e9tam\u00e9 adoptent des teintes de gris une fois le plomb oxyd\u00e9.","_et_gb_content_width":""},"product_brand":[],"product_cat":[105,106],"product_tag":[4180,4181,4182,4183,4184],"class_list":{"0":"post-1887","1":"product","2":"type-product","3":"status-publish","4":"has-post-thumbnail","6":"product_cat-copper","7":"product_cat-copper-sheets","8":"product_tag-cuivre-etame-en","9":"product_tag-feuille-de-cuivre-en","10":"product_tag-feuille-de-cuivre-etame-en","11":"product_tag-feuille-en-cuivre-en","12":"product_tag-feuilles-de-cuivre-2-en","14":"first","15":"instock","16":"shipping-taxable","17":"product-type-simple"},"_links":{"self":[{"href":"https:\/\/arcanaluminium.com\/en\/wp-json\/wp\/v2\/product\/1887","targetHints":{"allow":["GET"]}}],"collection":[{"href":"https:\/\/arcanaluminium.com\/en\/wp-json\/wp\/v2\/product"}],"about":[{"href":"https:\/\/arcanaluminium.com\/en\/wp-json\/wp\/v2\/types\/product"}],"wp:featuredmedia":[{"embeddable":true,"href":"https:\/\/arcanaluminium.com\/en\/wp-json\/wp\/v2\/media\/3689"}],"wp:attachment":[{"href":"https:\/\/arcanaluminium.com\/en\/wp-json\/wp\/v2\/media?parent=1887"}],"wp:term":[{"taxonomy":"product_brand","embeddable":true,"href":"https:\/\/arcanaluminium.com\/en\/wp-json\/wp\/v2\/product_brand?post=1887"},{"taxonomy":"product_cat","embeddable":true,"href":"https:\/\/arcanaluminium.com\/en\/wp-json\/wp\/v2\/product_cat?post=1887"},{"taxonomy":"product_tag","embeddable":true,"href":"https:\/\/arcanaluminium.com\/en\/wp-json\/wp\/v2\/product_tag?post=1887"}],"curies":[{"name":"wp","href":"https:\/\/api.w.org\/{rel}","templated":true}]}}